{"id":8941,"date":"2018-05-23T00:00:00","date_gmt":"2018-05-23T00:00:00","guid":{"rendered":"https:\/\/kaygoodesignjewelry.com\/index.php\/product\/10mm-afrikai-turkiz-lavako-szodalit-karkoto-2\/"},"modified":"2024-07-24T16:01:11","modified_gmt":"2024-07-24T16:01:11","slug":"10-mm-afrikanischer-tuerkis-lavastein-sodalith-labradorit-herrenarmband","status":"publish","type":"product","link":"https:\/\/kaygoodesignjewelry.com\/en\/product\/10-mm-afrikanischer-tuerkis-lavastein-sodalith-labradorit-herrenarmband\/","title":{"rendered":"10 mm afrikanischer T\u00fcrkis \u2013 Lavastein \u2013 Sodalith \u2013 Labradorit \u2013 Herrenarmband"},"content":{"rendered":"<p>Stainless steel buckle: Nickel-free, hypoallergenic!<\/p>\n<p><strong>Characteristics of stainless steel buckles:<\/strong><\/p>\n<p>One of the most important properties of stainless steel is that it does not oxidize. This is very important because these metals do not decompose in air. Iron occurs in nature as iron oxide, from which pure iron is extracted using special processes and then alloyed with other metals. Iron alloyed with precious metals has many good properties such as acid resistance, hardness, toughness and wear resistance.<\/p>\n<p><em>Cleaning:<\/em> Strong, corrosive cleaning agents should be avoided as they can stain the jewelry.<\/p>\n<p>&nbsp;<\/p>\n<p>&nbsp;<\/p>\n","protected":false},"excerpt":{"rendered":"<p><strong>Inhalt des Mineralarmbandes:<\/strong><\/p>\n<p>10 mm afrikanischer T\u00fcrkis \u2013 Lavastein \u2013 Sodalith \u2013 Labradorit \u2013 Tigerauge \u2013 H\u00e4matit Kaygoo-Logo<\/p>\n<p>Mineralgr\u00f6\u00dfe: <strong>10 mm<\/strong><\/p>\n<p>Verpackung: Canvas-Tasche mit Logo<\/p>\n<p><span style=\"color: #ff0000;\">Achtung: Bitte messen Sie Ihr Handgelenk entsprechend der St\u00e4rke des Handgelenksknochens genau aus und geben Sie die genaue Gr\u00f6\u00dfe an. Lass es keine \u00dcbergr\u00f6\u00dfe sein!<\/span><\/p>\n<p>&nbsp;<\/p>\n","protected":false},"featured_media":8942,"template":"","meta":{"_seopress_robots_primary_cat":"","_seopress_titles_title":"","_seopress_titles_desc":"","_seopress_robots_index":"","site-sidebar-layout":"default","site-content-layout":"","ast-site-content-layout":"default","site-content-style":"default","site-sidebar-style":"default","ast-global-header-display":"","ast-banner-title-visibility":"","ast-main-header-display":"","ast-hfb-above-header-display":"","ast-hfb-below-header-display":"","ast-hfb-mobile-header-display":"","site-post-title":"","ast-breadcrumbs-content":"","ast-featured-img":"","footer-sml-layout":"","theme-transparent-header-meta":"default","adv-header-id-meta":"","stick-header-meta":"","header-above-stick-meta":"","header-main-stick-meta":"","header-below-stick-meta":"","astra-migrate-meta-layouts":"set","ast-page-background-enabled":"default","ast-page-background-meta":{"desktop":{"background-color":"var(--ast-global-color-4)","background-image":"","background-repeat":"repeat","background-position":"center center","background-size":"auto","background-attachment":"scroll","background-type":"","background-media":"","overlay-type":"","overlay-color":"","overlay-opacity":"","overlay-gradient":""},"tablet":{"background-color":"","background-image":"","background-repeat":"repeat","background-position":"center center","background-size":"auto","background-attachment":"scroll","background-type":"","background-media":"","overlay-type":"","overlay-color":"","overlay-opacity":"","overlay-gradient":""},"mobile":{"background-color":"","background-image":"","background-repeat":"repeat","background-position":"center center","background-size":"auto","background-attachment":"scroll","background-type":"","background-media":"","overlay-type":"","overlay-color":"","overlay-opacity":"","overlay-gradient":""}},"ast-content-background-meta":{"desktop":{"background-color":"var(--ast-global-color-5)","background-image":"","background-repeat":"repeat","background-position":"center center","background-size":"auto","background-attachment":"scroll","background-type":"","background-media":"","overlay-type":"","overlay-color":"","overlay-opacity":"","overlay-gradient":""},"tablet":{"background-color":"var(--ast-global-color-5)","background-image":"","background-repeat":"repeat","background-position":"center center","background-size":"auto","background-attachment":"scroll","background-type":"","background-media":"","overlay-type":"","overlay-color":"","overlay-opacity":"","overlay-gradient":""},"mobile":{"background-color":"var(--ast-global-color-5)","background-image":"","background-repeat":"repeat","background-position":"center center","background-size":"auto","background-attachment":"scroll","background-type":"","background-media":"","overlay-type":"","overlay-color":"","overlay-opacity":"","overlay-gradient":""}}},"product_cat":[118],"product_tag":[136,128,125,130,129,127,126,123,122],"_links":{"self":[{"href":"https:\/\/kaygoodesignjewelry.com\/en\/wp-json\/wp\/v2\/product\/8941"}],"collection":[{"href":"https:\/\/kaygoodesignjewelry.com\/en\/wp-json\/wp\/v2\/product"}],"about":[{"href":"https:\/\/kaygoodesignjewelry.com\/en\/wp-json\/wp\/v2\/types\/product"}],"wp:featuredmedia":[{"embeddable":true,"href":"https:\/\/kaygoodesignjewelry.com\/en\/wp-json\/wp\/v2\/media\/8942"}],"wp:attachment":[{"href":"https:\/\/kaygoodesignjewelry.com\/en\/wp-json\/wp\/v2\/media?parent=8941"}],"wp:term":[{"taxonomy":"product_cat","embeddable":true,"href":"https:\/\/kaygoodesignjewelry.com\/en\/wp-json\/wp\/v2\/product_cat?post=8941"},{"taxonomy":"product_tag","embeddable":true,"href":"https:\/\/kaygoodesignjewelry.com\/en\/wp-json\/wp\/v2\/product_tag?post=8941"}],"curies":[{"name":"wp","href":"https:\/\/api.w.org\/{rel}","templated":true}]}}