{"id":25279,"date":"2025-03-01T19:44:00","date_gmt":"2025-03-01T19:44:00","guid":{"rendered":"https:\/\/kaygoodesignjewelry.com\/?post_type=product&#038;p=25279"},"modified":"2025-03-03T12:34:43","modified_gmt":"2025-03-03T12:34:43","slug":"sada-panskych-sperku-z-nerezove-oceli","status":"publish","type":"product","link":"https:\/\/kaygoodesignjewelry.com\/en\/product\/sada-panskych-sperku-z-nerezove-oceli\/","title":{"rendered":"Sada p\u00e1nsk\u00fdch \u0161perk\u016f z nerezov\u00e9 oceli"},"content":{"rendered":"<p>Vlastnosti prstenu z nerezov\u00e9 oceli:<\/p>\n<p>Jednou z nejd\u016fle\u017eit\u011bj\u0161\u00edch vlastnost\u00ed nerezov\u00e9 oceli je, \u017ee neoxiduje. To je velmi d\u016fle\u017eit\u00e9, proto\u017ee tyto kovy se na vzduchu nerozkl\u00e1daj\u00ed. V p\u0159\u00ed\u010dce se \u017eelezo ukl\u00e1d\u00e1 jako oxid \u017eeleza, ze kter\u00e9ho se \u017eelezo pe\u010dliv\u011b extrahuje a pot\u00e9 se leguje s jin\u00fdmi kovy. Legovan\u00e9 \u017eelezo m\u00e1 mnoho dobr\u00fdch vlastnost\u00ed, jako je odolnost proti korozi, tvrdost, hou\u017eevnatost a odolnost proti korozi.<\/p>\n<p>\u010ci\u0161t\u011bn\u00ed: Nepou\u017e\u00edvejte siln\u00e9 nebo abrazivn\u00ed \u010distic\u00ed prost\u0159edky, kter\u00e9 mohou \u0161perky po\u0161kodit.<\/p>\n","protected":false},"excerpt":{"rendered":"<p>Sada p\u00e1nsk\u00fdch \u0161perk\u016f z nerezov\u00e9 oceli obsahuje:<\/p>\n<ul>\n<li>Materi\u00e1l: stainless steel<\/li>\n<li>Velikost prstenu: 11<\/li>\n<li>Velikost n\u00e1ramku: 19 cm<\/li>\n<li>D\u00e9lka n\u00e1hrdeln\u00edku: 60 cm<\/li>\n<li><strong>Balen\u00ed: pl\u00e1t\u011bn\u00e1 ta\u0161ka s logem<\/strong><\/li>\n<\/ul>\n<p><span style=\"color: #ff0000;\"><strong>Pozor<\/strong>:<\/span> P\u0159esn\u011b zm\u011b\u0159te sv\u00e9 z\u00e1p\u011bst\u00ed pod z\u00e1p\u011bstn\u00ed kost\u00ed a zadejte p\u0159esnou velikost.<\/p>\n","protected":false},"featured_media":25283,"template":"","meta":{"_seopress_robots_primary_cat":"none","_seopress_titles_title":"P\u00e1nsk\u00e1 sada \u0161perk\u016f z nerezov\u00e9 oceli - dokonal\u00fd styl","_seopress_titles_desc":"P\u00e1nsk\u00e1 sada \u0161perk\u016f z nerezov\u00e9 oceli \u2013 elegance a s\u00edla\r\nObjevte dokonalou rovnov\u00e1hu stylu a odolnosti s na\u0161\u00ed sadou p\u00e1nsk\u00e9ho prstenu, n\u00e1hrdeln\u00edku a n\u00e1ramku z nerezov\u00e9 oceli!","_seopress_robots_index":"","site-sidebar-layout":"default","site-content-layout":"","ast-site-content-layout":"default","site-content-style":"default","site-sidebar-style":"default","ast-global-header-display":"","ast-banner-title-visibility":"","ast-main-header-display":"","ast-hfb-above-header-display":"","ast-hfb-below-header-display":"","ast-hfb-mobile-header-display":"","site-post-title":"","ast-breadcrumbs-content":"","ast-featured-img":"","footer-sml-layout":"","theme-transparent-header-meta":"default","adv-header-id-meta":"","stick-header-meta":"","header-above-stick-meta":"","header-main-stick-meta":"","header-below-stick-meta":"","astra-migrate-meta-layouts":"set","ast-page-background-enabled":"default","ast-page-background-meta":{"desktop":{"background-color":"var(--ast-global-color-4)","background-image":"","background-repeat":"repeat","background-position":"center center","background-size":"auto","background-attachment":"scroll","background-type":"","background-media":"","overlay-type":"","overlay-color":"","overlay-opacity":"","overlay-gradient":""},"tablet":{"background-color":"","background-image":"","background-repeat":"repeat","background-position":"center center","background-size":"auto","background-attachment":"scroll","background-type":"","background-media":"","overlay-type":"","overlay-color":"","overlay-opacity":"","overlay-gradient":""},"mobile":{"background-color":"","background-image":"","background-repeat":"repeat","background-position":"center center","background-size":"auto","background-attachment":"scroll","background-type":"","background-media":"","overlay-type":"","overlay-color":"","overlay-opacity":"","overlay-gradient":""}},"ast-content-background-meta":{"desktop":{"background-color":"var(--ast-global-color-5)","background-image":"","background-repeat":"repeat","background-position":"center center","background-size":"auto","background-attachment":"scroll","background-type":"","background-media":"","overlay-type":"","overlay-color":"","overlay-opacity":"","overlay-gradient":""},"tablet":{"background-color":"var(--ast-global-color-5)","background-image":"","background-repeat":"repeat","background-position":"center center","background-size":"auto","background-attachment":"scroll","background-type":"","background-media":"","overlay-type":"","overlay-color":"","overlay-opacity":"","overlay-gradient":""},"mobile":{"background-color":"var(--ast-global-color-5)","background-image":"","background-repeat":"repeat","background-position":"center center","background-size":"auto","background-attachment":"scroll","background-type":"","background-media":"","overlay-type":"","overlay-color":"","overlay-opacity":"","overlay-gradient":""}}},"product_cat":[298,404],"product_tag":[308],"_links":{"self":[{"href":"https:\/\/kaygoodesignjewelry.com\/en\/wp-json\/wp\/v2\/product\/25279"}],"collection":[{"href":"https:\/\/kaygoodesignjewelry.com\/en\/wp-json\/wp\/v2\/product"}],"about":[{"href":"https:\/\/kaygoodesignjewelry.com\/en\/wp-json\/wp\/v2\/types\/product"}],"wp:featuredmedia":[{"embeddable":true,"href":"https:\/\/kaygoodesignjewelry.com\/en\/wp-json\/wp\/v2\/media\/25283"}],"wp:attachment":[{"href":"https:\/\/kaygoodesignjewelry.com\/en\/wp-json\/wp\/v2\/media?parent=25279"}],"wp:term":[{"taxonomy":"product_cat","embeddable":true,"href":"https:\/\/kaygoodesignjewelry.com\/en\/wp-json\/wp\/v2\/product_cat?post=25279"},{"taxonomy":"product_tag","embeddable":true,"href":"https:\/\/kaygoodesignjewelry.com\/en\/wp-json\/wp\/v2\/product_tag?post=25279"}],"curies":[{"name":"wp","href":"https:\/\/api.w.org\/{rel}","templated":true}]}}