{"id":25251,"date":"2025-02-28T15:58:04","date_gmt":"2025-02-28T15:58:04","guid":{"rendered":"https:\/\/kaygoodesignjewelry.com\/?post_type=product&#038;p=25251"},"modified":"2025-03-03T12:40:36","modified_gmt":"2025-03-03T12:40:36","slug":"pansky-retizkovy-ocelovy-naramek","status":"publish","type":"product","link":"https:\/\/kaygoodesignjewelry.com\/en\/product\/pansky-retizkovy-ocelovy-naramek\/","title":{"rendered":"P\u00e1nsk\u00fd \u0159et\u00edzkov\u00fd ocelov\u00fd n\u00e1ramek"},"content":{"rendered":"","protected":false},"excerpt":{"rendered":"<p>Vlastnosti m\u00f3dn\u00edho p\u00e1nsk\u00e9ho n\u00e1ramku:<\/p>\n<ul>\n<li>Materi\u00e1l: kov<\/li>\n<li>Hmotnost: 30g<\/li>\n<li>\u0160\u00ed\u0159ka: 0,8 cm<\/li>\n<li><strong>Balen\u00ed: pl\u00e1t\u011bn\u00e1 ta\u0161ka s logem<\/strong><\/li>\n<\/ul>\n<p><span style=\"color: #ff0000;\"><strong>Pozor<\/strong>:<\/span> P\u0159esn\u011b zm\u011b\u0159te sv\u00e9 z\u00e1p\u011bst\u00ed pod z\u00e1p\u011bstn\u00ed kost\u00ed a zadejte p\u0159esnou velikost.<\/p>\n","protected":false},"featured_media":25269,"template":"","meta":{"_seopress_robots_primary_cat":"none","_seopress_titles_title":"P\u00e1nsk\u00fd \u0159et\u00edzkov\u00fd ocelov\u00fd n\u00e1ramek s nad\u010dasov\u00fdm designem","_seopress_titles_desc":"Materi\u00e1l n\u00e1ramku z nerezov\u00e9 oceli zaru\u010duje dlouhou \u017eivotnost a odolnost proti po\u0161kr\u00e1b\u00e1n\u00ed, tak\u017ee \u0161perky v\u017edy z\u00e1\u0159\u00ed jako nov\u00e9.","_seopress_robots_index":"","site-sidebar-layout":"default","site-content-layout":"","ast-site-content-layout":"default","site-content-style":"default","site-sidebar-style":"default","ast-global-header-display":"","ast-banner-title-visibility":"","ast-main-header-display":"","ast-hfb-above-header-display":"","ast-hfb-below-header-display":"","ast-hfb-mobile-header-display":"","site-post-title":"","ast-breadcrumbs-content":"","ast-featured-img":"","footer-sml-layout":"","theme-transparent-header-meta":"default","adv-header-id-meta":"","stick-header-meta":"","header-above-stick-meta":"","header-main-stick-meta":"","header-below-stick-meta":"","astra-migrate-meta-layouts":"set","ast-page-background-enabled":"default","ast-page-background-meta":{"desktop":{"background-color":"var(--ast-global-color-4)","background-image":"","background-repeat":"repeat","background-position":"center center","background-size":"auto","background-attachment":"scroll","background-type":"","background-media":"","overlay-type":"","overlay-color":"","overlay-opacity":"","overlay-gradient":""},"tablet":{"background-color":"","background-image":"","background-repeat":"repeat","background-position":"center center","background-size":"auto","background-attachment":"scroll","background-type":"","background-media":"","overlay-type":"","overlay-color":"","overlay-opacity":"","overlay-gradient":""},"mobile":{"background-color":"","background-image":"","background-repeat":"repeat","background-position":"center center","background-size":"auto","background-attachment":"scroll","background-type":"","background-media":"","overlay-type":"","overlay-color":"","overlay-opacity":"","overlay-gradient":""}},"ast-content-background-meta":{"desktop":{"background-color":"var(--ast-global-color-5)","background-image":"","background-repeat":"repeat","background-position":"center center","background-size":"auto","background-attachment":"scroll","background-type":"","background-media":"","overlay-type":"","overlay-color":"","overlay-opacity":"","overlay-gradient":""},"tablet":{"background-color":"var(--ast-global-color-5)","background-image":"","background-repeat":"repeat","background-position":"center center","background-size":"auto","background-attachment":"scroll","background-type":"","background-media":"","overlay-type":"","overlay-color":"","overlay-opacity":"","overlay-gradient":""},"mobile":{"background-color":"var(--ast-global-color-5)","background-image":"","background-repeat":"repeat","background-position":"center center","background-size":"auto","background-attachment":"scroll","background-type":"","background-media":"","overlay-type":"","overlay-color":"","overlay-opacity":"","overlay-gradient":""}}},"product_cat":[298,404],"product_tag":[308,421,369,307,422,424,429,426,425,428,423,427],"_links":{"self":[{"href":"https:\/\/kaygoodesignjewelry.com\/en\/wp-json\/wp\/v2\/product\/25251"}],"collection":[{"href":"https:\/\/kaygoodesignjewelry.com\/en\/wp-json\/wp\/v2\/product"}],"about":[{"href":"https:\/\/kaygoodesignjewelry.com\/en\/wp-json\/wp\/v2\/types\/product"}],"wp:featuredmedia":[{"embeddable":true,"href":"https:\/\/kaygoodesignjewelry.com\/en\/wp-json\/wp\/v2\/media\/25269"}],"wp:attachment":[{"href":"https:\/\/kaygoodesignjewelry.com\/en\/wp-json\/wp\/v2\/media?parent=25251"}],"wp:term":[{"taxonomy":"product_cat","embeddable":true,"href":"https:\/\/kaygoodesignjewelry.com\/en\/wp-json\/wp\/v2\/product_cat?post=25251"},{"taxonomy":"product_tag","embeddable":true,"href":"https:\/\/kaygoodesignjewelry.com\/en\/wp-json\/wp\/v2\/product_tag?post=25251"}],"curies":[{"name":"wp","href":"https:\/\/api.w.org\/{rel}","templated":true}]}}