{"id":25228,"date":"2025-02-28T15:11:53","date_gmt":"2025-02-28T15:11:53","guid":{"rendered":"https:\/\/kaygoodesignjewelry.com\/?post_type=product&#038;p=25228"},"modified":"2025-03-03T12:46:19","modified_gmt":"2025-03-03T12:46:19","slug":"pansky-krouceny-naramek-z-nerezove-oceli","status":"publish","type":"product","link":"https:\/\/kaygoodesignjewelry.com\/en\/product\/pansky-krouceny-naramek-z-nerezove-oceli\/","title":{"rendered":"P\u00e1nsk\u00fd kroucen\u00fd n\u00e1ramek z nerezov\u00e9 oceli"},"content":{"rendered":"<p>Vlastnosti nerezov\u00e9 oceli:<\/p>\n<p>Jednou z nejd\u016fle\u017eit\u011bj\u0161\u00edch vlastnost\u00ed nerezov\u00e9 oceli je, \u017ee neoxiduje. To je velmi d\u016fle\u017eit\u00e9, proto\u017ee tyto kovy se na vzduchu nerozkl\u00e1daj\u00ed. V ty\u010di se \u017eelezo ukl\u00e1d\u00e1 jako oxid \u017eeleza, ze kter\u00e9ho je \u017eelezo pe\u010dliv\u011b extrahov\u00e1no a pot\u00e9 legov\u00e1no s jin\u00fdmi kovy. Legovan\u00e9 \u017eelezo m\u00e1 mnoho dobr\u00fdch vlastnost\u00ed, jako je odolnost proti korozi, tvrdost, hou\u017eevnatost a odolnost proti korozi.<\/p>\n<p>\u010ci\u0161t\u011bn\u00ed: Nepou\u017e\u00edvejte siln\u00e9 nebo abrazivn\u00ed \u010distic\u00ed prost\u0159edky, kter\u00e9 mohou \u0161perky po\u0161kodit.<\/p>\n","protected":false},"excerpt":{"rendered":"<p><strong>Vlastnosti m\u00f3dn\u00edho n\u00e1ramku:<\/strong><\/p>\n<ul>\n<li>Materi\u00e1l: Vintage ocelov\u00e1 slitina<\/li>\n<li>\u010cist\u00e1 hmotnost: 27 g<\/li>\n<li>Barva: st\u0159\u00edbrn\u00e1<\/li>\n<li>Balen\u00ed: pl\u00e1t\u011bn\u00e1 ta\u0161ka s logem<\/li>\n<li><strong>Velikost: Univerz\u00e1ln\u00ed \/17 cm-19 cm\/<\/strong><\/li>\n<\/ul>\n","protected":false},"featured_media":25231,"template":"","meta":{"_seopress_robots_primary_cat":"none","_seopress_titles_title":"P\u00e1nsk\u00fd kroucen\u00fd n\u00e1ramek z nerezov\u00e9 oceli - v\u011b\u010dn\u00e1 klasika","_seopress_titles_desc":"P\u00e1nsk\u00fd n\u00e1ramek z nerezov\u00e9 oceli je nejen \u0161perkem, ale tak\u00e9 stylov\u00fdm dopl\u0148kem. Ud\u011blejte sv\u016fj vzhled je\u0161t\u011b nezapomenuteln\u011bj\u0161\u00edm s t\u00edmto \u00fa\u017easn\u00fdm kouskem.","_seopress_robots_index":"","site-sidebar-layout":"default","site-content-layout":"","ast-site-content-layout":"default","site-content-style":"default","site-sidebar-style":"default","ast-global-header-display":"","ast-banner-title-visibility":"","ast-main-header-display":"","ast-hfb-above-header-display":"","ast-hfb-below-header-display":"","ast-hfb-mobile-header-display":"","site-post-title":"","ast-breadcrumbs-content":"","ast-featured-img":"","footer-sml-layout":"","theme-transparent-header-meta":"default","adv-header-id-meta":"","stick-header-meta":"","header-above-stick-meta":"","header-main-stick-meta":"","header-below-stick-meta":"","astra-migrate-meta-layouts":"set","ast-page-background-enabled":"default","ast-page-background-meta":{"desktop":{"background-color":"var(--ast-global-color-4)","background-image":"","background-repeat":"repeat","background-position":"center center","background-size":"auto","background-attachment":"scroll","background-type":"","background-media":"","overlay-type":"","overlay-color":"","overlay-opacity":"","overlay-gradient":""},"tablet":{"background-color":"","background-image":"","background-repeat":"repeat","background-position":"center center","background-size":"auto","background-attachment":"scroll","background-type":"","background-media":"","overlay-type":"","overlay-color":"","overlay-opacity":"","overlay-gradient":""},"mobile":{"background-color":"","background-image":"","background-repeat":"repeat","background-position":"center center","background-size":"auto","background-attachment":"scroll","background-type":"","background-media":"","overlay-type":"","overlay-color":"","overlay-opacity":"","overlay-gradient":""}},"ast-content-background-meta":{"desktop":{"background-color":"var(--ast-global-color-5)","background-image":"","background-repeat":"repeat","background-position":"center center","background-size":"auto","background-attachment":"scroll","background-type":"","background-media":"","overlay-type":"","overlay-color":"","overlay-opacity":"","overlay-gradient":""},"tablet":{"background-color":"var(--ast-global-color-5)","background-image":"","background-repeat":"repeat","background-position":"center center","background-size":"auto","background-attachment":"scroll","background-type":"","background-media":"","overlay-type":"","overlay-color":"","overlay-opacity":"","overlay-gradient":""},"mobile":{"background-color":"var(--ast-global-color-5)","background-image":"","background-repeat":"repeat","background-position":"center center","background-size":"auto","background-attachment":"scroll","background-type":"","background-media":"","overlay-type":"","overlay-color":"","overlay-opacity":"","overlay-gradient":""}}},"product_cat":[298,404],"product_tag":[308,369,307,422,424,429,426,425,428,423,427],"_links":{"self":[{"href":"https:\/\/kaygoodesignjewelry.com\/en\/wp-json\/wp\/v2\/product\/25228"}],"collection":[{"href":"https:\/\/kaygoodesignjewelry.com\/en\/wp-json\/wp\/v2\/product"}],"about":[{"href":"https:\/\/kaygoodesignjewelry.com\/en\/wp-json\/wp\/v2\/types\/product"}],"wp:featuredmedia":[{"embeddable":true,"href":"https:\/\/kaygoodesignjewelry.com\/en\/wp-json\/wp\/v2\/media\/25231"}],"wp:attachment":[{"href":"https:\/\/kaygoodesignjewelry.com\/en\/wp-json\/wp\/v2\/media?parent=25228"}],"wp:term":[{"taxonomy":"product_cat","embeddable":true,"href":"https:\/\/kaygoodesignjewelry.com\/en\/wp-json\/wp\/v2\/product_cat?post=25228"},{"taxonomy":"product_tag","embeddable":true,"href":"https:\/\/kaygoodesignjewelry.com\/en\/wp-json\/wp\/v2\/product_tag?post=25228"}],"curies":[{"name":"wp","href":"https:\/\/api.w.org\/{rel}","templated":true}]}}