{"id":25112,"date":"2025-02-16T20:01:34","date_gmt":"2025-02-16T20:01:34","guid":{"rendered":"https:\/\/kaygoodesignjewelry.com\/?post_type=product&#038;p=25112"},"modified":"2025-03-06T09:42:24","modified_gmt":"2025-03-06T09:42:24","slug":"modry-pansky-kotevni-naramek-nerezova-ocel-s-kotevni-sponou-02","status":"publish","type":"product","link":"https:\/\/kaygoodesignjewelry.com\/en\/product\/modry-pansky-kotevni-naramek-nerezova-ocel-s-kotevni-sponou-02\/","title":{"rendered":"Modr\u00fd p\u00e1nsk\u00fd kotevn\u00ed n\u00e1ramek &#8211; Nerezov\u00e1 ocel s kotevn\u00ed sponou 02"},"content":{"rendered":"<p><strong>Modr\u00fd\u00a0p\u00e1nsk\u00fd provazov\u00fd n\u00e1ramek s nerezovou kotvou &#8211; styl a s\u00edla v jednom<\/strong><br \/>\nObjevte dokonalou kombinaci vyt\u0159\u00edben\u00e9 elegance a stylu inspirovan\u00e9ho mo\u0159sk\u00fdmi dobrodru\u017estv\u00edmi! Tento \u010dern\u00fd provazov\u00fd n\u00e1ramek vyroben\u00fd z pr\u00e9miov\u00fdch materi\u00e1l\u016f je nejen atraktivn\u00ed, ale tak\u00e9 extr\u00e9mn\u011b odoln\u00fd. Kotevn\u00ed p\u0159ezka z nerezov\u00e9 oceli poskytuje jedine\u010dn\u00fd a mu\u017en\u00fd vzhled a z\u00e1rove\u0148 zaru\u010duje bezpe\u010dn\u00e9 uchycen\u00ed. D\u00e1rek pro mu\u017ee.<\/p>\n<p>Tento n\u00e1ramek je perfektn\u00edm d\u00e1rkem pro ka\u017ed\u00e9ho mu\u017ee, kter\u00fd m\u00e1 r\u00e1d dobrodru\u017en\u00e9 a p\u0159itom elegantn\u00ed dopl\u0148ky. Kupte si jej nyn\u00ed za dostupnou cenu a podtrhn\u011bte sv\u016fj jedine\u010dn\u00fd styl!<\/p>\n<p>&nbsp;<\/p>\n","protected":false},"excerpt":{"rendered":"<p><strong>Modr\u00fd\u00a0provazov\u00fd n\u00e1ramek \u2013 s kotvic\u00ed sponou z nerezov\u00e9 oceli:\u00a0<\/strong><\/p>\n<ul>\n<li>Nad\u010dasov\u00fd design \u2013 perfektn\u00ed dopln\u011bk pro ka\u017edodenn\u00ed no\u0161en\u00ed nebo elegantn\u00ed vzhled<\/li>\n<li>Odoln\u00fd materi\u00e1l lodn\u00edho lana \u2013 odoln\u00fd v\u016f\u010di slan\u00e9 vod\u011b, tak\u017ee jej m\u016f\u017eete bezpe\u010dn\u011b nosit na pl\u00e1\u017ei nebo p\u0159i sportu<\/li>\n<li>Dostupn\u00e9 v r\u016fzn\u00fdch velikostech \u2013 pohodln\u00e9 no\u0161en\u00ed pro v\u0161echny velikosti z\u00e1p\u011bst\u00ed<\/li>\n<li>Nerezov\u00e1 kotevn\u00ed p\u0159ezka \u2013 nerezov\u00e1 ocel, pevn\u00e9 a stylov\u00e9 zap\u00edn\u00e1n\u00ed<\/li>\n<\/ul>\n<p><em><strong>Balen\u00ed: pl\u00e1t\u011bn\u00e1 ta\u0161ka s logem<\/strong><\/em><\/p>\n<table style=\"height: 324px;\" width=\"695\">\n<tbody>\n<tr>\n<td width=\"85\"><strong><em>velikost<\/em><\/strong><\/td>\n<td width=\"95\"><strong><em>cm<\/em><\/strong><\/td>\n<td width=\"227\"><strong><em>Obvod z\u00e1p\u011bst\u00ed<\/em><\/strong><\/td>\n<\/tr>\n<tr>\n<td width=\"85\"><strong>S<\/strong><\/td>\n<td width=\"95\">16.5 &#8211; 17.5 cm<\/td>\n<td width=\"227\">Mal\u00e1 velikost z\u00e1p\u011bst\u00ed<\/td>\n<\/tr>\n<tr>\n<td width=\"85\"><strong>M<\/strong><\/td>\n<td width=\"95\">18 &#8211; 19 cm<\/td>\n<td width=\"227\">St\u0159edn\u00ed, pr\u016fm\u011brn\u00e1 velikost z\u00e1p\u011bst\u00ed<\/td>\n<\/tr>\n<tr>\n<td width=\"85\"><strong>L<\/strong><\/td>\n<td width=\"95\">19.5 &#8211; 20 cm<\/td>\n<td width=\"227\">Velk\u00e1 velikost na z\u00e1p\u011bst\u00ed<\/td>\n<\/tr>\n<tr>\n<td width=\"85\"><strong>XL<\/strong><\/td>\n<td width=\"95\">20.5 &#8211; \u00a021.5 cm<\/td>\n<td width=\"227\">Extra velk\u00e1 velikost<\/td>\n<\/tr>\n<\/tbody>\n<\/table>\n<p><span style=\"color: #ff0000;\"><strong>Pozor:<\/strong><\/span>\u00a0Zm\u011b\u0159te si pros\u00edm p\u0159esn\u011b z\u00e1p\u011bst\u00ed pod z\u00e1p\u011bst\u00ed a zadejte p\u0159esnou velikost.<\/p>\n","protected":false},"featured_media":25323,"template":"","meta":{"_seopress_robots_primary_cat":"none","_seopress_titles_title":"","_seopress_titles_desc":"","_seopress_robots_index":"","site-sidebar-layout":"default","site-content-layout":"","ast-site-content-layout":"default","site-content-style":"default","site-sidebar-style":"default","ast-global-header-display":"","ast-banner-title-visibility":"","ast-main-header-display":"","ast-hfb-above-header-display":"","ast-hfb-below-header-display":"","ast-hfb-mobile-header-display":"","site-post-title":"","ast-breadcrumbs-content":"","ast-featured-img":"","footer-sml-layout":"","theme-transparent-header-meta":"default","adv-header-id-meta":"","stick-header-meta":"","header-above-stick-meta":"","header-main-stick-meta":"","header-below-stick-meta":"","astra-migrate-meta-layouts":"set","ast-page-background-enabled":"default","ast-page-background-meta":{"desktop":{"background-color":"var(--ast-global-color-4)","background-image":"","background-repeat":"repeat","background-position":"center center","background-size":"auto","background-attachment":"scroll","background-type":"","background-media":"","overlay-type":"","overlay-color":"","overlay-opacity":"","overlay-gradient":""},"tablet":{"background-color":"","background-image":"","background-repeat":"repeat","background-position":"center center","background-size":"auto","background-attachment":"scroll","background-type":"","background-media":"","overlay-type":"","overlay-color":"","overlay-opacity":"","overlay-gradient":""},"mobile":{"background-color":"","background-image":"","background-repeat":"repeat","background-position":"center center","background-size":"auto","background-attachment":"scroll","background-type":"","background-media":"","overlay-type":"","overlay-color":"","overlay-opacity":"","overlay-gradient":""}},"ast-content-background-meta":{"desktop":{"background-color":"var(--ast-global-color-5)","background-image":"","background-repeat":"repeat","background-position":"center center","background-size":"auto","background-attachment":"scroll","background-type":"","background-media":"","overlay-type":"","overlay-color":"","overlay-opacity":"","overlay-gradient":""},"tablet":{"background-color":"var(--ast-global-color-5)","background-image":"","background-repeat":"repeat","background-position":"center center","background-size":"auto","background-attachment":"scroll","background-type":"","background-media":"","overlay-type":"","overlay-color":"","overlay-opacity":"","overlay-gradient":""},"mobile":{"background-color":"var(--ast-global-color-5)","background-image":"","background-repeat":"repeat","background-position":"center center","background-size":"auto","background-attachment":"scroll","background-type":"","background-media":"","overlay-type":"","overlay-color":"","overlay-opacity":"","overlay-gradient":""}}},"product_cat":[298,404],"product_tag":[338,306],"_links":{"self":[{"href":"https:\/\/kaygoodesignjewelry.com\/en\/wp-json\/wp\/v2\/product\/25112"}],"collection":[{"href":"https:\/\/kaygoodesignjewelry.com\/en\/wp-json\/wp\/v2\/product"}],"about":[{"href":"https:\/\/kaygoodesignjewelry.com\/en\/wp-json\/wp\/v2\/types\/product"}],"wp:featuredmedia":[{"embeddable":true,"href":"https:\/\/kaygoodesignjewelry.com\/en\/wp-json\/wp\/v2\/media\/25323"}],"wp:attachment":[{"href":"https:\/\/kaygoodesignjewelry.com\/en\/wp-json\/wp\/v2\/media?parent=25112"}],"wp:term":[{"taxonomy":"product_cat","embeddable":true,"href":"https:\/\/kaygoodesignjewelry.com\/en\/wp-json\/wp\/v2\/product_cat?post=25112"},{"taxonomy":"product_tag","embeddable":true,"href":"https:\/\/kaygoodesignjewelry.com\/en\/wp-json\/wp\/v2\/product_tag?post=25112"}],"curies":[{"name":"wp","href":"https:\/\/api.w.org\/{rel}","templated":true}]}}