{"id":24960,"date":"2025-01-25T13:37:40","date_gmt":"2025-01-25T13:37:40","guid":{"rendered":"https:\/\/kaygoodesignjewelry.com\/?post_type=product&#038;p=24960"},"modified":"2025-02-13T20:25:11","modified_gmt":"2025-02-13T20:25:11","slug":"primero-metalicky-stribrny-privesek-srdce-onyx-mix-damsky-mineralni-naramek","status":"publish","type":"product","link":"https:\/\/kaygoodesignjewelry.com\/en\/product\/primero-metalicky-stribrny-privesek-srdce-onyx-mix-damsky-mineralni-naramek\/","title":{"rendered":"Primero metalick\u00fd st\u0159\u00edbrn\u00fd p\u0159\u00edv\u011bsek srdce &#8211; Onyx mix &#8211; d\u00e1msk\u00fd miner\u00e1ln\u00ed n\u00e1ramek"},"content":{"rendered":"<p>Na\u0161e n\u00e1ramky jsou vyrobeny z p\u0159\u00edrodn\u00edch drahokam\u016f nebo polodrahokam\u016f. Barva a velikost jednotliv\u00fdch drahokam\u016f se m\u016f\u017ee m\u00edrn\u011b li\u0161it.<\/p>\n<p><strong>PRIMERO CRYSTALS<\/strong><\/p>\n<p>PRIMERO Crystals\u00ae, p\u0159edstaven\u00fd v roce 2023, je pr\u00e9miov\u00e1 zna\u010dka bezolovnat\u00fdch* k\u0159i\u0161\u0165\u00e1lov\u00fdch komponent\u016f, kter\u00e9 spl\u0148uj\u00ed pot\u0159eby t\u011bch, kte\u0159\u00ed hledaj\u00ed v\u00fdjime\u010dnou kvalitu a lesk. PRIMERO Crystals\u00ae jsou vyrobeny v Rakousku podle nejp\u0159\u00edsn\u011bj\u0161\u00edch ekologick\u00fdch a soci\u00e1ln\u00edch norem.<\/p>\n<p>Bez niklu, hypoalergenn\u00ed!<\/p>\n<p><strong>Vlastnosti nerezov\u00fdch prvk\u016f:<\/strong><\/p>\n<p>Jednou z hlavn\u00edch vlastnost\u00ed nerezov\u00e9 oceli je, \u017ee neoxiduje. To je velmi d\u016fle\u017eit\u00e9, proto\u017ee tyto kovy se nezhor\u0161uj\u00ed, kdy\u017e jsou vystaveny vzduchu. Vz\u00e1cn\u00e9 legovan\u00e9 \u017eelezo m\u00e1 v\u0161echny dobr\u00e9 vlastnosti, jako je odolnost proti kyselin\u00e1m, tvrdost, hou\u017eevnatost a odolnost proti opot\u0159eben\u00ed.<\/p>\n<p>\u010ci\u0161t\u011bn\u00ed: Nerezov\u00e9 nebo titanov\u00e9 \u0161perky se snadno \u010dist\u00ed, sta\u010d\u00ed je ot\u0159\u00edt vlhk\u00fdm had\u0159\u00edkem. Je t\u0159eba se vyhnout siln\u00fdm a \u017e\u00edrav\u00fdm \u010distic\u00edm prost\u0159edk\u016fm, proto\u017ee mohou za\u0161pinit \u0161perky.<\/p>\n","protected":false},"excerpt":{"rendered":"<p><strong>Obsah d\u00e1msk\u00e9ho miner\u00e1ln\u00edho n\u00e1ramku:<\/strong><\/p>\n<p>1.Primero heart Charm kov st\u0159\u00edbrn\u00e1 barva &#8211; bikon krystal &#8211; grafit hematit &#8211; leskl\u00fd a matn\u00fd onyx &#8211; zirkonov\u00fd prsten s kamenem &#8211; logo Kaygoo &#8211; d\u00e1msk\u00fd miner\u00e1ln\u00ed n\u00e1ramek<\/p>\n<p>Pr\u016fm\u011br miner\u00e1lu: 8 mm<\/p>\n<p>Velikost krystalu: 10 mm<\/p>\n<p><strong>Balen\u00ed: pl\u00e1t\u011bn\u00e1 ta\u0161ka s logem<\/strong><\/p>\n<p><span style=\"color: #ff0000;\"><strong>Pozor:<\/strong>\u00a0Zm\u011b\u0159te si pros\u00edm p\u0159esn\u011b z\u00e1p\u011bst\u00ed pod z\u00e1p\u011bst\u00ed a zadejte p\u0159esnou velikost.<\/span><\/p>\n","protected":false},"featured_media":24961,"template":"","meta":{"_seopress_robots_primary_cat":"","_seopress_titles_title":"","_seopress_titles_desc":"","_seopress_robots_index":"","site-sidebar-layout":"default","site-content-layout":"","ast-site-content-layout":"default","site-content-style":"default","site-sidebar-style":"default","ast-global-header-display":"","ast-banner-title-visibility":"","ast-main-header-display":"","ast-hfb-above-header-display":"","ast-hfb-below-header-display":"","ast-hfb-mobile-header-display":"","site-post-title":"","ast-breadcrumbs-content":"","ast-featured-img":"","footer-sml-layout":"","theme-transparent-header-meta":"default","adv-header-id-meta":"","stick-header-meta":"","header-above-stick-meta":"","header-main-stick-meta":"","header-below-stick-meta":"","astra-migrate-meta-layouts":"set","ast-page-background-enabled":"default","ast-page-background-meta":{"desktop":{"background-color":"var(--ast-global-color-4)","background-image":"","background-repeat":"repeat","background-position":"center center","background-size":"auto","background-attachment":"scroll","background-type":"","background-media":"","overlay-type":"","overlay-color":"","overlay-opacity":"","overlay-gradient":""},"tablet":{"background-color":"","background-image":"","background-repeat":"repeat","background-position":"center center","background-size":"auto","background-attachment":"scroll","background-type":"","background-media":"","overlay-type":"","overlay-color":"","overlay-opacity":"","overlay-gradient":""},"mobile":{"background-color":"","background-image":"","background-repeat":"repeat","background-position":"center center","background-size":"auto","background-attachment":"scroll","background-type":"","background-media":"","overlay-type":"","overlay-color":"","overlay-opacity":"","overlay-gradient":""}},"ast-content-background-meta":{"desktop":{"background-color":"var(--ast-global-color-5)","background-image":"","background-repeat":"repeat","background-position":"center center","background-size":"auto","background-attachment":"scroll","background-type":"","background-media":"","overlay-type":"","overlay-color":"","overlay-opacity":"","overlay-gradient":""},"tablet":{"background-color":"var(--ast-global-color-5)","background-image":"","background-repeat":"repeat","background-position":"center center","background-size":"auto","background-attachment":"scroll","background-type":"","background-media":"","overlay-type":"","overlay-color":"","overlay-opacity":"","overlay-gradient":""},"mobile":{"background-color":"var(--ast-global-color-5)","background-image":"","background-repeat":"repeat","background-position":"center center","background-size":"auto","background-attachment":"scroll","background-type":"","background-media":"","overlay-type":"","overlay-color":"","overlay-opacity":"","overlay-gradient":""}}},"product_cat":[297,401,333,322],"product_tag":[],"_links":{"self":[{"href":"https:\/\/kaygoodesignjewelry.com\/en\/wp-json\/wp\/v2\/product\/24960"}],"collection":[{"href":"https:\/\/kaygoodesignjewelry.com\/en\/wp-json\/wp\/v2\/product"}],"about":[{"href":"https:\/\/kaygoodesignjewelry.com\/en\/wp-json\/wp\/v2\/types\/product"}],"wp:featuredmedia":[{"embeddable":true,"href":"https:\/\/kaygoodesignjewelry.com\/en\/wp-json\/wp\/v2\/media\/24961"}],"wp:attachment":[{"href":"https:\/\/kaygoodesignjewelry.com\/en\/wp-json\/wp\/v2\/media?parent=24960"}],"wp:term":[{"taxonomy":"product_cat","embeddable":true,"href":"https:\/\/kaygoodesignjewelry.com\/en\/wp-json\/wp\/v2\/product_cat?post=24960"},{"taxonomy":"product_tag","embeddable":true,"href":"https:\/\/kaygoodesignjewelry.com\/en\/wp-json\/wp\/v2\/product_tag?post=24960"}],"curies":[{"name":"wp","href":"https:\/\/api.w.org\/{rel}","templated":true}]}}