{"id":24948,"date":"2025-01-25T12:26:02","date_gmt":"2025-01-25T12:26:02","guid":{"rendered":"https:\/\/kaygoodesignjewelry.com\/?post_type=product&#038;p=24948"},"modified":"2025-02-13T20:24:03","modified_gmt":"2025-02-13T20:24:03","slug":"privesek-primero-meridian-blue-srdce-onyx-mix-damsky-mineralni-naramek","status":"publish","type":"product","link":"https:\/\/kaygoodesignjewelry.com\/en\/product\/privesek-primero-meridian-blue-srdce-onyx-mix-damsky-mineralni-naramek\/","title":{"rendered":"P\u0159\u00edv\u011bsek Primero meridian blue srdce &#8211; Onyx mix &#8211; d\u00e1msk\u00fd miner\u00e1ln\u00ed n\u00e1ramek"},"content":{"rendered":"<p><span style=\"vertical-align: inherit;\"><span style=\"vertical-align: inherit;\">Kark\u00f6t\u0151ink term\u00e9szetes dr\u00e1gak\u00f6vekb\u0151l vagy f\u00e9ldr\u00e1gak\u00f6vekb\u0151l k\u00e9sz\u00fclnek. Az egyes dr\u00e1gak\u00f6vek sz\u00edne \u00e9s m\u00e9rete kiss\u00e9 elt\u00e9rhet.<\/span><\/span><\/p>\n<p><strong><span style=\"vertical-align: inherit;\"><span style=\"vertical-align: inherit;\">PRIMERO KRIST\u00c1LYOK<\/span><\/span><\/strong><\/p>\n<p><span style=\"vertical-align: inherit;\"><span style=\"vertical-align: inherit;\">A 2023-ban bemutatott PRIMERO Crystals\u00ae az \u00f3lommentes* krist\u00e1lykomponensek pr\u00e9mium m\u00e1rk\u00e1ja, amely megfelel a kiv\u00e9teles min\u0151s\u00e9gre \u00e9s ragyog\u00e1sra v\u00e1gy\u00f3k ig\u00e9nyeinek. A PRIMERO Crystals\u00ae Ausztri\u00e1ban k\u00e9sz\u00fcl, a legszigor\u00fabb \u00f6kol\u00f3giai \u00e9s t\u00e1rsadalmi szabv\u00e1nyok szerint.<\/span><\/span><\/p>\n<p><span style=\"vertical-align: inherit;\"><span style=\"vertical-align: inherit;\">Nikkelmentes, hipoallerg\u00e9n!<\/span><\/span><\/p>\n<p><strong><span style=\"vertical-align: inherit;\"><span style=\"vertical-align: inherit;\">A rozsdamentes ac\u00e9l elemek tulajdons\u00e1gai:<\/span><\/span><\/strong><\/p>\n<p><span style=\"vertical-align: inherit;\"><span style=\"vertical-align: inherit;\">A rozsdamentes ac\u00e9l egyik f\u0151 tulajdons\u00e1ga, hogy nem oxid\u00e1l\u00f3dik. Ez nagyon fontos, mert ezek a f\u00e9mek nem romlanak, ha leveg\u0151vel \u00e9rintkeznek. A ritka \u00f6tv\u00f6zet\u0171 vas minden j\u00f3 tulajdons\u00e1ggal rendelkezik, mint p\u00e9ld\u00e1ul sav\u00e1ll\u00f3s\u00e1g, kem\u00e9nys\u00e9g, sz\u00edv\u00f3ss\u00e1g \u00e9s kop\u00e1s\u00e1ll\u00f3s\u00e1g.<\/span><\/span><\/p>\n<p><span style=\"vertical-align: inherit;\"><span style=\"vertical-align: inherit;\">Tiszt\u00edt\u00e1s: A rozsdamentes ac\u00e9l vagy tit\u00e1n \u00e9kszer k\u00f6nnyen tiszt\u00edthat\u00f3, csak nedves ruh\u00e1val t\u00f6r\u00f6lje le. Ker\u00fclni kell az er\u0151s \u00e9s mar\u00f3 hat\u00e1s\u00fa tiszt\u00edt\u00f3szereket, mert elronthatj\u00e1k az \u00e9kszert.<\/span><\/span><\/p>\n","protected":false},"excerpt":{"rendered":"<p><strong><span style=\"vertical-align: inherit;\"><span style=\"vertical-align: inherit;\">A n\u0151i \u00e1sv\u00e1nyi kark\u00f6t\u0151 tartalma:<\/span><\/span><\/strong><\/p>\n<p><span style=\"vertical-align: inherit;\"><span style=\"vertical-align: inherit;\">1.Primero sz\u00edv Charm Meridian Blue Sz\u00edn &#8211; Bicone &#8211; Ez\u00fcst sz\u00edn\u0171 Rozsdamentes Ac\u00e9l Korall &#8211; Aura Quartz &#8211; Onyx &#8211; Kaygoo Log\u00f3 &#8211; N\u0151i \u00c1sv\u00e1nyi Kark\u00f6t\u0151<\/span><\/span><\/p>\n<p><span style=\"vertical-align: inherit;\"><span style=\"vertical-align: inherit;\">\u00c1sv\u00e1ny \u00e1tm\u00e9r\u0151: 8 mm<\/span><\/span><\/p>\n<p><span style=\"vertical-align: inherit;\"><span style=\"vertical-align: inherit;\">Krist\u00e1ly m\u00e9rete: 10 mm<\/span><\/span><\/p>\n<p><strong><span style=\"vertical-align: inherit;\"><span style=\"vertical-align: inherit;\">Csomagol\u00e1s: v\u00e1szon t\u00e1ska log\u00f3val<\/span><\/span><\/strong><\/p>\n<p><span style=\"color: #ff0000;\"><strong><span style=\"vertical-align: inherit;\"><span style=\"vertical-align: inherit;\">Figyelem:<\/span><\/span><\/strong><span style=\"vertical-align: inherit;\"><span style=\"vertical-align: inherit;\"> \u00a0M\u00e9rje meg pontosan a csukl\u00f3j\u00e1t a csukl\u00f3 alatt, \u00e9s adja meg a pontos m\u00e9retet.<\/span><\/span><\/span><\/p>\n","protected":false},"featured_media":24925,"template":"","meta":{"_seopress_robots_primary_cat":"","_seopress_titles_title":"","_seopress_titles_desc":"","_seopress_robots_index":"","site-sidebar-layout":"default","site-content-layout":"","ast-site-content-layout":"default","site-content-style":"default","site-sidebar-style":"default","ast-global-header-display":"","ast-banner-title-visibility":"","ast-main-header-display":"","ast-hfb-above-header-display":"","ast-hfb-below-header-display":"","ast-hfb-mobile-header-display":"","site-post-title":"","ast-breadcrumbs-content":"","ast-featured-img":"","footer-sml-layout":"","theme-transparent-header-meta":"default","adv-header-id-meta":"","stick-header-meta":"","header-above-stick-meta":"","header-main-stick-meta":"","header-below-stick-meta":"","astra-migrate-meta-layouts":"set","ast-page-background-enabled":"default","ast-page-background-meta":{"desktop":{"background-color":"var(--ast-global-color-4)","background-image":"","background-repeat":"repeat","background-position":"center center","background-size":"auto","background-attachment":"scroll","background-type":"","background-media":"","overlay-type":"","overlay-color":"","overlay-opacity":"","overlay-gradient":""},"tablet":{"background-color":"","background-image":"","background-repeat":"repeat","background-position":"center center","background-size":"auto","background-attachment":"scroll","background-type":"","background-media":"","overlay-type":"","overlay-color":"","overlay-opacity":"","overlay-gradient":""},"mobile":{"background-color":"","background-image":"","background-repeat":"repeat","background-position":"center center","background-size":"auto","background-attachment":"scroll","background-type":"","background-media":"","overlay-type":"","overlay-color":"","overlay-opacity":"","overlay-gradient":""}},"ast-content-background-meta":{"desktop":{"background-color":"var(--ast-global-color-5)","background-image":"","background-repeat":"repeat","background-position":"center center","background-size":"auto","background-attachment":"scroll","background-type":"","background-media":"","overlay-type":"","overlay-color":"","overlay-opacity":"","overlay-gradient":""},"tablet":{"background-color":"var(--ast-global-color-5)","background-image":"","background-repeat":"repeat","background-position":"center center","background-size":"auto","background-attachment":"scroll","background-type":"","background-media":"","overlay-type":"","overlay-color":"","overlay-opacity":"","overlay-gradient":""},"mobile":{"background-color":"var(--ast-global-color-5)","background-image":"","background-repeat":"repeat","background-position":"center center","background-size":"auto","background-attachment":"scroll","background-type":"","background-media":"","overlay-type":"","overlay-color":"","overlay-opacity":"","overlay-gradient":""}}},"product_cat":[297,313,401,333,322],"product_tag":[],"_links":{"self":[{"href":"https:\/\/kaygoodesignjewelry.com\/en\/wp-json\/wp\/v2\/product\/24948"}],"collection":[{"href":"https:\/\/kaygoodesignjewelry.com\/en\/wp-json\/wp\/v2\/product"}],"about":[{"href":"https:\/\/kaygoodesignjewelry.com\/en\/wp-json\/wp\/v2\/types\/product"}],"wp:featuredmedia":[{"embeddable":true,"href":"https:\/\/kaygoodesignjewelry.com\/en\/wp-json\/wp\/v2\/media\/24925"}],"wp:attachment":[{"href":"https:\/\/kaygoodesignjewelry.com\/en\/wp-json\/wp\/v2\/media?parent=24948"}],"wp:term":[{"taxonomy":"product_cat","embeddable":true,"href":"https:\/\/kaygoodesignjewelry.com\/en\/wp-json\/wp\/v2\/product_cat?post=24948"},{"taxonomy":"product_tag","embeddable":true,"href":"https:\/\/kaygoodesignjewelry.com\/en\/wp-json\/wp\/v2\/product_tag?post=24948"}],"curies":[{"name":"wp","href":"https:\/\/api.w.org\/{rel}","templated":true}]}}