{"id":24739,"date":"2025-01-17T17:59:09","date_gmt":"2025-01-17T17:59:09","guid":{"rendered":"https:\/\/kaygoodesignjewelry.com\/?post_type=product&#038;p=24739"},"modified":"2025-01-17T18:25:20","modified_gmt":"2025-01-17T18:25:20","slug":"zlaty-privesek-srdce-koral-kozeny-damsky-mineralni-naramek-set","status":"publish","type":"product","link":"https:\/\/kaygoodesignjewelry.com\/en\/product\/zlaty-privesek-srdce-koral-kozeny-damsky-mineralni-naramek-set\/","title":{"rendered":"Zlat\u00fd p\u0159\u00edv\u011bsek srdce &#8211; &#8211; kor\u00e1l &#8211; Ko\u017een\u00fd d\u00e1msk\u00fd miner\u00e1ln\u00ed n\u00e1ramek set"},"content":{"rendered":"<p><span style=\"vertical-align: inherit;\"><span style=\"vertical-align: inherit;\"><span style=\"vertical-align: inherit;\"><span style=\"vertical-align: inherit;\">Kark\u00f6t\u0151ink term\u00e9szetes \u00e9rt\u00e9kes vagy f\u00e9ldr\u00e1gak\u0151 \u00e1sv\u00e1nyokb\u00f3l k\u00e9sz\u00fclnek. Az egyes dr\u00e1gak\u00f6vek sz\u00edne \u00e9s m\u00e9rete kiss\u00e9 elt\u00e9rhet.<\/span><\/span><\/span><\/span><\/p>\n<p><span style=\"vertical-align: inherit;\"><span style=\"vertical-align: inherit;\"><span style=\"vertical-align: inherit;\"><span style=\"vertical-align: inherit;\">A rozsdamentes ac\u00e9l elemek tulajdons\u00e1gai:<\/span><\/span><\/span><\/span><\/p>\n<p><span style=\"vertical-align: inherit;\"><span style=\"vertical-align: inherit;\"><span style=\"vertical-align: inherit;\"><span style=\"vertical-align: inherit;\">A rozsdamentes ac\u00e9l egyik f\u0151 tulajdons\u00e1ga, hogy nem oxid\u00e1l\u00f3dnak. Ez nagyon fontos, mert ezek a f\u00e9mek nem k\u00e1rosodnak a leveg\u0151vel \u00e9rintkezve. A nemesf\u00e9mmel \u00f6tv\u00f6z\u00f6tt vas minden j\u00f3 tulajdons\u00e1ggal rendelkezik, mint p\u00e9ld\u00e1ul sav\u00e1ll\u00f3s\u00e1g, kem\u00e9nys\u00e9g, sz\u00edv\u00f3ss\u00e1g \u00e9s kop\u00e1s\u00e1ll\u00f3s\u00e1g.<\/span><\/span><\/span><\/span><\/p>\n<p><span style=\"vertical-align: inherit;\"><span style=\"vertical-align: inherit;\"><span style=\"vertical-align: inherit;\"><span style=\"vertical-align: inherit;\">Tiszt\u00edt\u00e1s: A rozsdamentes ac\u00e9lb\u00f3l vagy tit\u00e1nb\u00f3l k\u00e9sz\u00fclt \u00e9kszerek k\u00f6nnyen tiszt\u00edthat\u00f3k, csak nedves ronggyal t\u00f6r\u00f6lj\u00fck \u00e1t. Az er\u0151s, mar\u00f3 hat\u00e1s\u00fa tiszt\u00edt\u00f3szereket ker\u00fclni kell, mert foltokat okozhatnak az \u00e9kszereken.<\/span><\/span><\/span><\/span><\/p>\n","protected":false},"excerpt":{"rendered":"<p><strong><span style=\"vertical-align: inherit;\"><span style=\"vertical-align: inherit;\"><span style=\"vertical-align: inherit;\"><span style=\"vertical-align: inherit;\">Az \u00e1sv\u00e1nyi kark\u00f6t\u0151 tartalma:<\/span><\/span><\/span><\/span><\/strong><\/p>\n<p><span style=\"vertical-align: inherit;\"><span style=\"vertical-align: inherit;\"><span style=\"vertical-align: inherit;\"><span style=\"vertical-align: inherit;\">1. Rozsdamentes arany sz\u00edvvar\u00e1zs &#8211; t\u00f6r\u00f6tt kvarc gy\u00f6ngy &#8211; aranyozott r\u00f3diummal bevont gy\u00f6ngy &#8211; korall &#8211; n\u0151i \u00e1sv\u00e1nyi kark\u00f6t\u0151<\/span><\/span><\/span><\/span><\/p>\n<p><span style=\"vertical-align: inherit;\"><span style=\"vertical-align: inherit;\"><span style=\"vertical-align: inherit;\"><span style=\"vertical-align: inherit;\">\u00c1sv\u00e1ny \u00e1tm\u00e9r\u0151: <\/span><\/span><\/span><\/span><strong><span style=\"vertical-align: inherit;\"><span style=\"vertical-align: inherit;\"><span style=\"vertical-align: inherit;\"><span style=\"vertical-align: inherit;\">8 mm<\/span><\/span><\/span><\/span><\/strong><\/p>\n<p><span style=\"vertical-align: inherit;\"><span style=\"vertical-align: inherit;\"><span style=\"vertical-align: inherit;\"><span style=\"vertical-align: inherit;\">Arany t\u00f3nus\u00fa rozsdamentes ac\u00e9l LOVE Charm m\u00e9rete: <\/span><\/span><\/span><\/span><strong><span style=\"vertical-align: inherit;\"><span style=\"vertical-align: inherit;\"><span style=\"vertical-align: inherit;\"><span style=\"vertical-align: inherit;\">13 mm x 13 mm x 1,5 mm<\/span><\/span><\/span><\/span><\/strong><\/p>\n<p><span style=\"vertical-align: inherit;\"><span style=\"vertical-align: inherit;\"><span style=\"vertical-align: inherit;\"><span style=\"vertical-align: inherit;\">Csomagol\u00e1s: V\u00e1szon t\u00e1ska log\u00f3val<\/span><\/span><\/span><\/span><\/p>\n<p><span style=\"color: #ff0000;\"><span style=\"vertical-align: inherit;\"><span style=\"vertical-align: inherit;\"><span style=\"vertical-align: inherit;\"><span style=\"vertical-align: inherit;\">Figyelem: K\u00e9rem, pontosan m\u00e9rje meg csukl\u00f3j\u00e1t a csukl\u00f3csont er\u0151ss\u00e9g\u00e9nek megfelel\u0151en, \u00e9s adja meg a pontos m\u00e9retet. Ne legyen t\u00falm\u00e9retezett!<\/span><\/span><\/span><\/span><\/span><\/p>\n","protected":false},"featured_media":24757,"template":"","meta":{"_seopress_robots_primary_cat":"","_seopress_titles_title":"","_seopress_titles_desc":"","_seopress_robots_index":"","site-sidebar-layout":"default","site-content-layout":"","ast-site-content-layout":"default","site-content-style":"default","site-sidebar-style":"default","ast-global-header-display":"","ast-banner-title-visibility":"","ast-main-header-display":"","ast-hfb-above-header-display":"","ast-hfb-below-header-display":"","ast-hfb-mobile-header-display":"","site-post-title":"","ast-breadcrumbs-content":"","ast-featured-img":"","footer-sml-layout":"","theme-transparent-header-meta":"default","adv-header-id-meta":"","stick-header-meta":"","header-above-stick-meta":"","header-main-stick-meta":"","header-below-stick-meta":"","astra-migrate-meta-layouts":"set","ast-page-background-enabled":"default","ast-page-background-meta":{"desktop":{"background-color":"var(--ast-global-color-4)","background-image":"","background-repeat":"repeat","background-position":"center center","background-size":"auto","background-attachment":"scroll","background-type":"","background-media":"","overlay-type":"","overlay-color":"","overlay-opacity":"","overlay-gradient":""},"tablet":{"background-color":"","background-image":"","background-repeat":"repeat","background-position":"center center","background-size":"auto","background-attachment":"scroll","background-type":"","background-media":"","overlay-type":"","overlay-color":"","overlay-opacity":"","overlay-gradient":""},"mobile":{"background-color":"","background-image":"","background-repeat":"repeat","background-position":"center center","background-size":"auto","background-attachment":"scroll","background-type":"","background-media":"","overlay-type":"","overlay-color":"","overlay-opacity":"","overlay-gradient":""}},"ast-content-background-meta":{"desktop":{"background-color":"var(--ast-global-color-5)","background-image":"","background-repeat":"repeat","background-position":"center center","background-size":"auto","background-attachment":"scroll","background-type":"","background-media":"","overlay-type":"","overlay-color":"","overlay-opacity":"","overlay-gradient":""},"tablet":{"background-color":"var(--ast-global-color-5)","background-image":"","background-repeat":"repeat","background-position":"center center","background-size":"auto","background-attachment":"scroll","background-type":"","background-media":"","overlay-type":"","overlay-color":"","overlay-opacity":"","overlay-gradient":""},"mobile":{"background-color":"var(--ast-global-color-5)","background-image":"","background-repeat":"repeat","background-position":"center center","background-size":"auto","background-attachment":"scroll","background-type":"","background-media":"","overlay-type":"","overlay-color":"","overlay-opacity":"","overlay-gradient":""}}},"product_cat":[400,117,135,141,153,144,179,226],"product_tag":[121,128,125,129,123],"_links":{"self":[{"href":"https:\/\/kaygoodesignjewelry.com\/en\/wp-json\/wp\/v2\/product\/24739"}],"collection":[{"href":"https:\/\/kaygoodesignjewelry.com\/en\/wp-json\/wp\/v2\/product"}],"about":[{"href":"https:\/\/kaygoodesignjewelry.com\/en\/wp-json\/wp\/v2\/types\/product"}],"wp:featuredmedia":[{"embeddable":true,"href":"https:\/\/kaygoodesignjewelry.com\/en\/wp-json\/wp\/v2\/media\/24757"}],"wp:attachment":[{"href":"https:\/\/kaygoodesignjewelry.com\/en\/wp-json\/wp\/v2\/media?parent=24739"}],"wp:term":[{"taxonomy":"product_cat","embeddable":true,"href":"https:\/\/kaygoodesignjewelry.com\/en\/wp-json\/wp\/v2\/product_cat?post=24739"},{"taxonomy":"product_tag","embeddable":true,"href":"https:\/\/kaygoodesignjewelry.com\/en\/wp-json\/wp\/v2\/product_tag?post=24739"}],"curies":[{"name":"wp","href":"https:\/\/api.w.org\/{rel}","templated":true}]}}