{"id":24505,"date":"2025-01-14T09:11:26","date_gmt":"2025-01-14T09:11:26","guid":{"rendered":"https:\/\/kaygoodesignjewelry.com\/?post_type=product&#038;p=24505"},"modified":"2025-02-26T15:22:56","modified_gmt":"2025-02-26T15:22:56","slug":"primero-red-heart-charm-cervena-kozena-sada-damskeho-mineralniho-naramku","status":"publish","type":"product","link":"https:\/\/kaygoodesignjewelry.com\/en\/product\/primero-red-heart-charm-cervena-kozena-sada-damskeho-mineralniho-naramku\/","title":{"rendered":"Primero red Heart Charm &#8211; \u010cerven\u00e1 ko\u017een\u00e1 sada d\u00e1msk\u00e9ho miner\u00e1ln\u00edho n\u00e1ramku"},"content":{"rendered":"<p>Spona z nerezov\u00e9 oceli: Bez niklu, hypoalergenn\u00ed!<\/p>\n<p><strong>D\u016eLE\u017dIT\u00c9:<\/strong><br \/>\nP\u0159\u00edsn\u011b zak\u00e1z\u00e1no pro ko\u017een\u00e9 n\u00e1ramky:<\/p>\n<ul>\n<li>Neperte ve velk\u00e9m mno\u017estv\u00ed vody, nenam\u00e1\u010dejte, proto\u017ee absorbuje vlhkost a po vysu\u0161en\u00ed ztvrdne.<\/li>\n<li>Neot\u00edrejte kart\u00e1\u010dem s hrub\u00fdmi \u0161t\u011btinami (kart\u00e1\u010d na nehty), proto\u017ee by do\u0161lo k po\u0161kozen\u00ed povrchu a po\u0161kr\u00e1b\u00e1n\u00ed.<\/li>\n<li>\u010ci\u0161t\u011bn\u00ed siln\u00fdmi chemik\u00e1liemi nebo chemik\u00e1liemi obsahuj\u00edc\u00edmi chlor je zak\u00e1z\u00e1no, proto\u017ee sni\u017euj\u00ed odolnost proti roztr\u017een\u00ed a blednou barvy.<\/li>\n<li>vystaven\u00ed extr\u00e9mn\u00edmu teplu: su\u0161en\u00ed na slunci, na nah\u0159\u00edvac\u00ed podlo\u017ece nebo f\u00e9nem zp\u016fsobuje k\u0159ehkost a drsnost.<\/li>\n<li>Neskladujte pod bodem mrazu: V zim\u011b neskladujte ko\u017een\u00e9 zbo\u017e\u00ed v gar\u00e1\u017ei nebo v chladn\u00e9m aut\u011b.<\/li>\n<\/ul>\n<p><strong>Vlastnosti spon z nerezov\u00e9 oceli:<\/strong><\/p>\n<p>Jednou z nejd\u016fle\u017eit\u011bj\u0161\u00edch vlastnost\u00ed nerezov\u00e9 oceli je, \u017ee neoxiduje. To je velmi d\u016fle\u017eit\u00e9, proto\u017ee tyto kovy se na vzduchu nerozkl\u00e1daj\u00ed. \u017delezo se v p\u0159\u00edrod\u011b vyskytuje jako oxid \u017eelezit\u00fd, z n\u011bho\u017e se speci\u00e1ln\u00edmi postupy z\u00edsk\u00e1v\u00e1 \u010dist\u00e9 \u017eelezo a n\u00e1sledn\u011b se leguje s jin\u00fdmi kovy. \u017delezo legovan\u00e9 drah\u00fdmi kovy m\u00e1 mnoho dobr\u00fdch vlastnost\u00ed, jako je odolnost proti kyselin\u00e1m, tvrdost, hou\u017eevnatost a odolnost proti opot\u0159eben\u00ed.<\/p>\n<p><em>\u010ci\u0161t\u011bn\u00ed:<\/em> Je t\u0159eba se vyvarovat siln\u00fdch a \u017e\u00edrav\u00fdch \u010distic\u00edch prost\u0159edk\u016f, kter\u00e9 mohou \u0161perky zne\u010distit.<\/p>\n","protected":false},"excerpt":{"rendered":"<p><strong>Obsah sady ko\u017een\u00e9ho n\u00e1ramku:<\/strong><\/p>\n<p>1.Kleon Red pleten\u00fd n\u00e1ramek ze 100% hov\u011bz\u00ed k\u016f\u017ee &#8211; nerezov\u00e1 ocel KD s matn\u011b \u010dernou sponou<\/p>\n<p>2.Primero \u010derven\u00e9 srd\u00ed\u010dko &#8211; zirkonov\u00fd prsten &#8211; matn\u00fd \u010derven\u00fd jadeit &#8211; \u010derven\u00fd kor\u00e1l &#8211; st\u0159\u00edbrn\u00fd prsten z nerezov\u00e9 oceli &#8211; aura quartz &#8211; onyx &#8211; zna\u010dkov\u00fd d\u00e1msk\u00fd miner\u00e1ln\u00ed n\u00e1ramek Kaygoo<\/p>\n<p>Pr\u016fm\u011br miner\u00e1lu: <strong>8 mm<\/strong><\/p>\n<p>Tlou\u0161\u0165ka ko\u017een\u00e9ho \u0159em\u00ednku: <strong>12*6 mm<\/strong><\/p>\n<p>Velikost krystalu: <strong>10 mm, 4 mm<\/strong><\/p>\n<p><span style=\"color: #ff0000;\">Pozor: P\u0159esn\u011b zm\u011b\u0159te sv\u00e9 z\u00e1p\u011bst\u00ed pod z\u00e1p\u011bstn\u00ed kost\u00ed a zadejte p\u0159esnou velikost.<\/span><\/p>\n","protected":false},"featured_media":24515,"template":"","meta":{"_seopress_robots_primary_cat":"none","_seopress_titles_title":"Primero red Heart Charm - \u010cerven\u00e1 ko\u017een\u00e1 sada d\u00e1msk\u00e9ho miner\u00e1ln\u00edho n\u00e1ramku","_seopress_titles_desc":"Tato sada je perfektn\u00ed volbou jako d\u00e1rek, zejm\u00e9na k narozenin\u00e1m, v\u00fdro\u010d\u00ed nebo dokonce k Valent\u00fdnu. P\u0159\u00edv\u011bsek srdce symbolizuje l\u00e1sku a p\u0159ipoutanost","_seopress_robots_index":"","site-sidebar-layout":"default","site-content-layout":"","ast-site-content-layout":"default","site-content-style":"default","site-sidebar-style":"default","ast-global-header-display":"","ast-banner-title-visibility":"","ast-main-header-display":"","ast-hfb-above-header-display":"","ast-hfb-below-header-display":"","ast-hfb-mobile-header-display":"","site-post-title":"","ast-breadcrumbs-content":"","ast-featured-img":"","footer-sml-layout":"","theme-transparent-header-meta":"default","adv-header-id-meta":"","stick-header-meta":"","header-above-stick-meta":"","header-main-stick-meta":"","header-below-stick-meta":"","astra-migrate-meta-layouts":"set","ast-page-background-enabled":"default","ast-page-background-meta":{"desktop":{"background-color":"var(--ast-global-color-4)","background-image":"","background-repeat":"repeat","background-position":"center center","background-size":"auto","background-attachment":"scroll","background-type":"","background-media":"","overlay-type":"","overlay-color":"","overlay-opacity":"","overlay-gradient":""},"tablet":{"background-color":"","background-image":"","background-repeat":"repeat","background-position":"center center","background-size":"auto","background-attachment":"scroll","background-type":"","background-media":"","overlay-type":"","overlay-color":"","overlay-opacity":"","overlay-gradient":""},"mobile":{"background-color":"","background-image":"","background-repeat":"repeat","background-position":"center center","background-size":"auto","background-attachment":"scroll","background-type":"","background-media":"","overlay-type":"","overlay-color":"","overlay-opacity":"","overlay-gradient":""}},"ast-content-background-meta":{"desktop":{"background-color":"var(--ast-global-color-5)","background-image":"","background-repeat":"repeat","background-position":"center center","background-size":"auto","background-attachment":"scroll","background-type":"","background-media":"","overlay-type":"","overlay-color":"","overlay-opacity":"","overlay-gradient":""},"tablet":{"background-color":"var(--ast-global-color-5)","background-image":"","background-repeat":"repeat","background-position":"center center","background-size":"auto","background-attachment":"scroll","background-type":"","background-media":"","overlay-type":"","overlay-color":"","overlay-opacity":"","overlay-gradient":""},"mobile":{"background-color":"var(--ast-global-color-5)","background-image":"","background-repeat":"repeat","background-position":"center center","background-size":"auto","background-attachment":"scroll","background-type":"","background-media":"","overlay-type":"","overlay-color":"","overlay-opacity":"","overlay-gradient":""}}},"product_cat":[],"product_tag":[],"_links":{"self":[{"href":"https:\/\/kaygoodesignjewelry.com\/en\/wp-json\/wp\/v2\/product\/24505"}],"collection":[{"href":"https:\/\/kaygoodesignjewelry.com\/en\/wp-json\/wp\/v2\/product"}],"about":[{"href":"https:\/\/kaygoodesignjewelry.com\/en\/wp-json\/wp\/v2\/types\/product"}],"wp:featuredmedia":[{"embeddable":true,"href":"https:\/\/kaygoodesignjewelry.com\/en\/wp-json\/wp\/v2\/media\/24515"}],"wp:attachment":[{"href":"https:\/\/kaygoodesignjewelry.com\/en\/wp-json\/wp\/v2\/media?parent=24505"}],"wp:term":[{"taxonomy":"product_cat","embeddable":true,"href":"https:\/\/kaygoodesignjewelry.com\/en\/wp-json\/wp\/v2\/product_cat?post=24505"},{"taxonomy":"product_tag","embeddable":true,"href":"https:\/\/kaygoodesignjewelry.com\/en\/wp-json\/wp\/v2\/product_tag?post=24505"}],"curies":[{"name":"wp","href":"https:\/\/api.w.org\/{rel}","templated":true}]}}