{"id":20471,"date":"2024-03-16T19:54:07","date_gmt":"2024-03-16T19:54:07","guid":{"rendered":"https:\/\/kaygoodesignjewelry.com\/product\/iris-kamen-levandule-rose-quartz-mineral-damsky-kozeny-set-naramku\/"},"modified":"2025-02-26T15:46:54","modified_gmt":"2025-02-26T15:46:54","slug":"iris-kamen-levandule-rose-quartz-mineral-damsky-kozeny-set-naramku","status":"publish","type":"product","link":"https:\/\/kaygoodesignjewelry.com\/en\/produkt\/iris-kamen-levandule-rose-quartz-mineral-damsky-kozeny-set-naramku\/","title":{"rendered":"Iris k\u00e1men Levandule &#8211; Rose quartz miner\u00e1l &#8211; D\u00e1msk\u00fd ko\u017een\u00fd set n\u00e1ramk\u016f"},"content":{"rendered":"<p>Na\u0161e n\u00e1ramky jsou vyrobeny z p\u0159\u00edrodn\u00edch drah\u00fdch nebo polodrah\u00fdch miner\u00e1l\u016f. Barva a velikost jednotliv\u00fdch drah\u00fdch kamen\u016f se m\u016f\u017ee m\u00edrn\u011b li\u0161it.<\/p>\n<p>Preciosa 131 50 021 eliptick\u00e1 perle\u0165ov\u00e1 perle\u0165ov\u00e1 perla<\/p>\n<p>Spole\u010dnost Preciosa je jedn\u00edm z p\u0159edn\u00edch sv\u011btov\u00fdch v\u00fdrobc\u016f brou\u0161en\u00fdch krystal\u016f, kter\u00fd se specializuje p\u0159edev\u0161\u00edm na v\u00fdrobu strojov\u011b brou\u0161en\u00fdch perel a dal\u0161\u00edch vysoce kvalitn\u00edch m\u00f3dn\u00edch drahokam\u016f r\u016fzn\u00fdch tvar\u016f, barev a velikost\u00ed. Spole\u010dnost Preciosa je celosv\u011btov\u011b zn\u00e1m\u00e1 svou jedine\u010dnou technologi\u00ed PRECIOSA\u00aeHi-Pure Crystal TM. Zna\u010dka PRECIOSA\u00ae Original Czech Crystal\u2122 zaru\u010duje nejvy\u0161\u0161\u00ed kvalitu \u010desk\u00fdch v\u00fdrobk\u016f, kter\u00e9 jsou k dispozici pouze u spole\u010dnosti Preciosa.<\/p>\n<p>Spona z nerezov\u00e9 oceli: Bez niklu, hypoalergenn\u00ed!<\/p>\n<p><strong>D\u016eLE\u017dIT\u00c9:<\/strong><br \/>\nP\u0159\u00edsn\u011b zak\u00e1z\u00e1no pro ko\u017een\u00e9 n\u00e1ramky:<\/p>\n<ul>\n<li>Neperte ve velk\u00e9m mno\u017estv\u00ed vody, nenam\u00e1\u010dejte, proto\u017ee absorbuje vlhkost a po vysu\u0161en\u00ed ztvrdne.<\/li>\n<li>Neot\u00edrejte kart\u00e1\u010dem s hrub\u00fdmi \u0161t\u011btinami (kart\u00e1\u010d na nehty), proto\u017ee by do\u0161lo k po\u0161kozen\u00ed povrchu a po\u0161kr\u00e1b\u00e1n\u00ed.<\/li>\n<li>\u010ci\u0161t\u011bn\u00ed siln\u00fdmi chemik\u00e1liemi nebo chemik\u00e1liemi obsahuj\u00edc\u00edmi chlor je zak\u00e1z\u00e1no, proto\u017ee sni\u017euj\u00ed odolnost proti roztr\u017een\u00ed a blednou barvy.<\/li>\n<li>vystaven\u00ed extr\u00e9mn\u00edmu teplu: su\u0161en\u00ed na slunci, na nah\u0159\u00edvac\u00ed podlo\u017ece nebo f\u00e9nem zp\u016fsobuje k\u0159ehkost a drsnost.<\/li>\n<li>Neskladujte pod bodem mrazu: V zim\u011b neskladujte ko\u017een\u00e9 zbo\u017e\u00ed v gar\u00e1\u017ei nebo v chladn\u00e9m aut\u011b.<\/li>\n<\/ul>\n","protected":false},"excerpt":{"rendered":"<p><strong>Obsah sady n\u00e1ramk\u016f:<\/strong><\/p>\n<p>1. D\u00e1msk\u00fd n\u00e1ramek &#8211; fialov\u00fd kroucen\u00fd ko\u017een\u00fd n\u00e1ramek &#8211; such\u00e1 spona z nerezov\u00e9 oceli<\/p>\n<p>2.Preciosa Eliptick\u00fd perle\u0165ov\u00fd kor\u00e1lek &#8211; Bicon Crystal &#8211; Rose Quartz &#8211; Galvanizovan\u00fd kor\u00e1lek &#8211; Prsten z nerezov\u00e9 oceli &#8211; Kaygoo D\u00e1msk\u00fd miner\u00e1ln\u00ed n\u00e1ramek<\/p>\n<p>Pr\u016fm\u011br miner\u00e1lu: <strong>8 mm<\/strong>. Velikost krystalu: <strong>5 mm<\/strong><\/p>\n<p>Perle\u0165ov\u00e9 k\u0159i\u0161\u0165\u00e1lov\u00e9 kor\u00e1lky Preciosa velikost: <strong>11 x 9,5 mm<\/strong><\/p>\n<p>Balen\u00ed: Pl\u00e1t\u011bn\u00e1 ta\u0161ka s logem<\/p>\n<p><span style=\"color: #ff0000;\">Pozor: P\u0159esn\u011b zm\u011b\u0159te sv\u00e9 z\u00e1p\u011bst\u00ed podle s\u00edly z\u00e1p\u011bstn\u00ed kosti a uve\u010fte p\u0159esnou velikost. Nebu\u010fte p\u0159edimenzovan\u00ed!<\/span><\/p>\n","protected":false},"featured_media":19932,"template":"","meta":{"_seopress_robots_primary_cat":"none","_seopress_titles_title":"Levandulov\u011b fialov\u00fd n\u00e1ramek osazen\u00fd eliptick\u00fdmi kameny pro dokonalou harmonii","_seopress_titles_desc":"V\u00edce\u0159ad\u00fd d\u00e1msk\u00fd ko\u017een\u00fd n\u00e1ramek set v barv\u00e1ch maliny a oran\u017eov\u00e9 je skv\u011blou volbou pro ka\u017edou p\u0159\u00edle\u017eitost. T","_seopress_robots_index":"","site-sidebar-layout":"default","site-content-layout":"","ast-site-content-layout":"default","site-content-style":"default","site-sidebar-style":"default","ast-global-header-display":"","ast-banner-title-visibility":"","ast-main-header-display":"","ast-hfb-above-header-display":"","ast-hfb-below-header-display":"","ast-hfb-mobile-header-display":"","site-post-title":"","ast-breadcrumbs-content":"","ast-featured-img":"","footer-sml-layout":"","theme-transparent-header-meta":"default","adv-header-id-meta":"","stick-header-meta":"","header-above-stick-meta":"","header-main-stick-meta":"","header-below-stick-meta":"","astra-migrate-meta-layouts":"set","ast-page-background-enabled":"default","ast-page-background-meta":{"desktop":{"background-color":"var(--ast-global-color-4)","background-image":"","background-repeat":"repeat","background-position":"center center","background-size":"auto","background-attachment":"scroll","background-type":"","background-media":"","overlay-type":"","overlay-color":"","overlay-opacity":"","overlay-gradient":""},"tablet":{"background-color":"","background-image":"","background-repeat":"repeat","background-position":"center center","background-size":"auto","background-attachment":"scroll","background-type":"","background-media":"","overlay-type":"","overlay-color":"","overlay-opacity":"","overlay-gradient":""},"mobile":{"background-color":"","background-image":"","background-repeat":"repeat","background-position":"center center","background-size":"auto","background-attachment":"scroll","background-type":"","background-media":"","overlay-type":"","overlay-color":"","overlay-opacity":"","overlay-gradient":""}},"ast-content-background-meta":{"desktop":{"background-color":"var(--ast-global-color-5)","background-image":"","background-repeat":"repeat","background-position":"center center","background-size":"auto","background-attachment":"scroll","background-type":"","background-media":"","overlay-type":"","overlay-color":"","overlay-opacity":"","overlay-gradient":""},"tablet":{"background-color":"var(--ast-global-color-5)","background-image":"","background-repeat":"repeat","background-position":"center center","background-size":"auto","background-attachment":"scroll","background-type":"","background-media":"","overlay-type":"","overlay-color":"","overlay-opacity":"","overlay-gradient":""},"mobile":{"background-color":"var(--ast-global-color-5)","background-image":"","background-repeat":"repeat","background-position":"center center","background-size":"auto","background-attachment":"scroll","background-type":"","background-media":"","overlay-type":"","overlay-color":"","overlay-opacity":"","overlay-gradient":""}}},"product_cat":[297,299,401,323,314],"product_tag":[301,354,353,343,344,342,338,304,309],"_links":{"self":[{"href":"https:\/\/kaygoodesignjewelry.com\/en\/wp-json\/wp\/v2\/product\/20471"}],"collection":[{"href":"https:\/\/kaygoodesignjewelry.com\/en\/wp-json\/wp\/v2\/product"}],"about":[{"href":"https:\/\/kaygoodesignjewelry.com\/en\/wp-json\/wp\/v2\/types\/product"}],"wp:featuredmedia":[{"embeddable":true,"href":"https:\/\/kaygoodesignjewelry.com\/en\/wp-json\/wp\/v2\/media\/19932"}],"wp:attachment":[{"href":"https:\/\/kaygoodesignjewelry.com\/en\/wp-json\/wp\/v2\/media?parent=20471"}],"wp:term":[{"taxonomy":"product_cat","embeddable":true,"href":"https:\/\/kaygoodesignjewelry.com\/en\/wp-json\/wp\/v2\/product_cat?post=20471"},{"taxonomy":"product_tag","embeddable":true,"href":"https:\/\/kaygoodesignjewelry.com\/en\/wp-json\/wp\/v2\/product_tag?post=20471"}],"curies":[{"name":"wp","href":"https:\/\/api.w.org\/{rel}","templated":true}]}}