{"id":17303,"date":"2024-03-25T12:20:00","date_gmt":"2024-03-25T12:20:00","guid":{"rendered":"https:\/\/kaygoodesignjewelry.com\/?post_type=product&#038;p=17303"},"modified":"2024-07-24T15:06:04","modified_gmt":"2024-07-24T15:06:04","slug":"pansky-mineralni-naramek-jaspis-onyx-mix-matny-10-mm","status":"publish","type":"product","link":"https:\/\/kaygoodesignjewelry.com\/en\/product\/pansky-mineralni-naramek-jaspis-onyx-mix-matny-10-mm\/","title":{"rendered":"P\u00e1nsk\u00fd miner\u00e1ln\u00ed n\u00e1ramek Jaspis &#8211; Onyx Mix matn\u00fd 10 mm"},"content":{"rendered":"<p>Our bracelets are made from natural precious or semi-precious minerals. The color and size of individual gemstones may vary slightly.<\/p>\n<p>Stainless steel buckle: Nickel-free, hypoallergenic!<\/p>\n<p><strong>Characteristics of stainless steel buckles:<\/strong><\/p>\n<p>One of the most important properties of stainless steel is that it does not oxidize. This is very important because these metals do not decompose in air. Iron occurs in nature as iron oxide, from which pure iron is extracted using special processes and then alloyed with other metals. Iron alloyed with precious metals has many good properties such as acid resistance, hardness, toughness and wear resistance.<\/p>\n<p><em>Cleaning:<\/em> Strong, corrosive cleaning agents should be avoided as they can stain the jewelry.<\/p>\n","protected":false},"excerpt":{"rendered":"<p><strong>Contents of the mineral bracelet:<\/strong><\/p>\n<p>10 mm matte jasper onyx mix &#8211; hematite graphite ring &#8211; men&#8217;s mineral bracelet &#8211; KD logo<\/p>\n<p>Mineral diameter: <strong>10 mm<\/strong><\/p>\n<p>Packaging: Canvas bag with logo<\/p>\n<p><span style=\"color: #ff0000;\">Attention: Please measure your wrist accurately according to the strength of the wrist bone and provide the exact size. Don&#8217;t be oversized!<\/span><\/p>\n","protected":false},"featured_media":17312,"template":"","meta":{"_seopress_robots_primary_cat":"","_seopress_titles_title":"","_seopress_titles_desc":"","_seopress_robots_index":"","site-sidebar-layout":"default","site-content-layout":"","ast-site-content-layout":"default","site-content-style":"default","site-sidebar-style":"default","ast-global-header-display":"","ast-banner-title-visibility":"","ast-main-header-display":"","ast-hfb-above-header-display":"","ast-hfb-below-header-display":"","ast-hfb-mobile-header-display":"","site-post-title":"","ast-breadcrumbs-content":"","ast-featured-img":"","footer-sml-layout":"","theme-transparent-header-meta":"default","adv-header-id-meta":"","stick-header-meta":"","header-above-stick-meta":"","header-main-stick-meta":"","header-below-stick-meta":"","astra-migrate-meta-layouts":"set","ast-page-background-enabled":"default","ast-page-background-meta":{"desktop":{"background-color":"var(--ast-global-color-4)","background-image":"","background-repeat":"repeat","background-position":"center center","background-size":"auto","background-attachment":"scroll","background-type":"","background-media":"","overlay-type":"","overlay-color":"","overlay-opacity":"","overlay-gradient":""},"tablet":{"background-color":"","background-image":"","background-repeat":"repeat","background-position":"center center","background-size":"auto","background-attachment":"scroll","background-type":"","background-media":"","overlay-type":"","overlay-color":"","overlay-opacity":"","overlay-gradient":""},"mobile":{"background-color":"","background-image":"","background-repeat":"repeat","background-position":"center center","background-size":"auto","background-attachment":"scroll","background-type":"","background-media":"","overlay-type":"","overlay-color":"","overlay-opacity":"","overlay-gradient":""}},"ast-content-background-meta":{"desktop":{"background-color":"var(--ast-global-color-5)","background-image":"","background-repeat":"repeat","background-position":"center center","background-size":"auto","background-attachment":"scroll","background-type":"","background-media":"","overlay-type":"","overlay-color":"","overlay-opacity":"","overlay-gradient":""},"tablet":{"background-color":"var(--ast-global-color-5)","background-image":"","background-repeat":"repeat","background-position":"center center","background-size":"auto","background-attachment":"scroll","background-type":"","background-media":"","overlay-type":"","overlay-color":"","overlay-opacity":"","overlay-gradient":""},"mobile":{"background-color":"var(--ast-global-color-5)","background-image":"","background-repeat":"repeat","background-position":"center center","background-size":"auto","background-attachment":"scroll","background-type":"","background-media":"","overlay-type":"","overlay-color":"","overlay-opacity":"","overlay-gradient":""}}},"product_cat":[135,118,120],"product_tag":[136,128,125,130,129,127,126,123,122],"_links":{"self":[{"href":"https:\/\/kaygoodesignjewelry.com\/en\/wp-json\/wp\/v2\/product\/17303"}],"collection":[{"href":"https:\/\/kaygoodesignjewelry.com\/en\/wp-json\/wp\/v2\/product"}],"about":[{"href":"https:\/\/kaygoodesignjewelry.com\/en\/wp-json\/wp\/v2\/types\/product"}],"wp:featuredmedia":[{"embeddable":true,"href":"https:\/\/kaygoodesignjewelry.com\/en\/wp-json\/wp\/v2\/media\/17312"}],"wp:attachment":[{"href":"https:\/\/kaygoodesignjewelry.com\/en\/wp-json\/wp\/v2\/media?parent=17303"}],"wp:term":[{"taxonomy":"product_cat","embeddable":true,"href":"https:\/\/kaygoodesignjewelry.com\/en\/wp-json\/wp\/v2\/product_cat?post=17303"},{"taxonomy":"product_tag","embeddable":true,"href":"https:\/\/kaygoodesignjewelry.com\/en\/wp-json\/wp\/v2\/product_tag?post=17303"}],"curies":[{"name":"wp","href":"https:\/\/api.w.org\/{rel}","templated":true}]}}