{"id":17119,"date":"2024-03-21T12:42:56","date_gmt":"2024-03-21T12:42:56","guid":{"rendered":"https:\/\/kaygoodesignjewelry.com\/?post_type=product&#038;p=17119"},"modified":"2025-11-04T14:40:02","modified_gmt":"2025-11-04T14:40:02","slug":"classic-mens-leather-bracelet-set-black-onyx-mix-red-mineral","status":"publish","type":"product","link":"https:\/\/kaygoodesignjewelry.com\/en\/product\/classic-mens-leather-bracelet-set-black-onyx-mix-red-mineral\/","title":{"rendered":"Classic men&#8217;s leather bracelet set &#8211; black onyx mix &#8211; red mineral"},"content":{"rendered":"<p><span style=\"vertical-align: inherit;\"><span style=\"vertical-align: inherit;\">Kark\u00f6t\u0151ink term\u00e9szetes \u00e9rt\u00e9kes vagy f\u00e9ldr\u00e1gak\u0151 \u00e1sv\u00e1nyokb\u00f3l k\u00e9sz\u00fclnek. Az egyes dr\u00e1gak\u00f6vek sz\u00edne \u00e9s m\u00e9rete kiss\u00e9 elt\u00e9rhet.<\/span><\/span><\/p>\n<p><span style=\"vertical-align: inherit;\"><span style=\"vertical-align: inherit;\">Rozsdamentes ac\u00e9l csat: Nikkelmentes, hipoallerg\u00e9n!<\/span><\/span><\/p>\n<p><strong><span style=\"vertical-align: inherit;\"><span style=\"vertical-align: inherit;\">FONTOS:<\/span><\/span><\/strong><br \/>\n<span style=\"vertical-align: inherit;\"><span style=\"vertical-align: inherit;\"> Szigor\u00faan tilos b\u0151r kark\u00f6t\u0151kn\u00e9l:<\/span><\/span><\/p>\n<ul>\n<li><span style=\"vertical-align: inherit;\"><span style=\"vertical-align: inherit;\">Ne mossa sok v\u00edzzel, ne \u00e1ztassa, mert mag\u00e1ba sz\u00edvja a nedvess\u00e9get \u00e9s sz\u00e1rad\u00e1s ut\u00e1n megkem\u00e9nyedik<\/span><\/span><\/li>\n<li><span style=\"vertical-align: inherit;\"><span style=\"vertical-align: inherit;\">Ne d\u00f6rzs\u00f6lje durva s\u00f6rt\u00e9j\u0171 kef\u00e9vel (k\u00f6r\u00f6mkefe), mert ez k\u00e1ros\u00edtja a fel\u00fcletet \u00e9s karcol\u00e1sokat okozhat<\/span><\/span><\/li>\n<li><span style=\"vertical-align: inherit;\"><span style=\"vertical-align: inherit;\">Tiszt\u00edt\u00e1s er\u0151s vegyszerekkel vagy kl\u00f3rtartalm\u00fa vegyszerekkel tilos, mivel cs\u00f6kkentik a szakad\u00e1s\u00e1ll\u00f3s\u00e1got \u00e9s elhalv\u00e1ny\u00edtj\u00e1k a sz\u00ednt.<\/span><\/span><\/li>\n<li><span style=\"vertical-align: inherit;\"><span style=\"vertical-align: inherit;\">Extr\u00e9m h\u0151hat\u00e1snak kit\u00e9ve: napon, meleg\u00edt\u0151p\u00e1rn\u00e1n vagy hajsz\u00e1r\u00edt\u00f3val sz\u00e1r\u00edtva t\u00f6r\u00e9kenny\u00e9 \u00e9s \u00e9rdess\u00e9 teszi<\/span><\/span><\/li>\n<li><span style=\"vertical-align: inherit;\"><span style=\"vertical-align: inherit;\">Ne t\u00e1rolja fagypont alatt: Ne t\u00e1rolja b\u0151r\u00e1rukat gar\u00e1zsban vagy t\u00e9len hideg aut\u00f3ban. Nedves helyeken felsz\u00edvja a nedvess\u00e9get \u00e9s nedves lesz<\/span><\/span><\/li>\n<\/ul>\n<p><strong><span style=\"vertical-align: inherit;\"><span style=\"vertical-align: inherit;\">A rozsdamentes ac\u00e9l csatok jellemz\u0151i:<\/span><\/span><\/strong><\/p>\n<p><span style=\"vertical-align: inherit;\"><span style=\"vertical-align: inherit;\">A rozsdamentes ac\u00e9l egyik legfontosabb tulajdons\u00e1ga, hogy nem oxid\u00e1l\u00f3dik. Ez nagyon fontos, mert ezek a f\u00e9mek nem bomlanak le a leveg\u0151ben. A vas a term\u00e9szetben vas-oxidk\u00e9nt fordul el\u0151, amelyb\u0151l speci\u00e1lis elj\u00e1r\u00e1sokkal nyerik ki a tiszta vasat, majd \u00f6tv\u00f6zik m\u00e1s f\u00e9mekkel. A nemesf\u00e9mekkel \u00f6tv\u00f6z\u00f6tt vas sz\u00e1mos j\u00f3 tulajdons\u00e1ggal rendelkezik, mint p\u00e9ld\u00e1ul sav\u00e1ll\u00f3s\u00e1g, kem\u00e9nys\u00e9g, sz\u00edv\u00f3ss\u00e1g \u00e9s kop\u00e1s\u00e1ll\u00f3s\u00e1g.<\/span><\/span><\/p>\n<p><em><span style=\"vertical-align: inherit;\"><span style=\"vertical-align: inherit;\">Tiszt\u00edt\u00e1s:<\/span><\/span><\/em><span style=\"vertical-align: inherit;\"><span style=\"vertical-align: inherit;\"> Ker\u00fclni kell az er\u0151s, mar\u00f3 hat\u00e1s\u00fa tiszt\u00edt\u00f3szereket, mert beszennyezhetik az \u00e9kszert.<\/span><\/span><\/p>\n","protected":false},"excerpt":{"rendered":"<p><strong><span style=\"vertical-align: inherit;\"><span style=\"vertical-align: inherit;\">A kark\u00f6t\u0151 k\u00e9szlet tartalma:<\/span><\/span><\/strong><\/p>\n<p><span style=\"vertical-align: inherit;\"><span style=\"vertical-align: inherit;\">1. Fonott fekete 100% marhab\u0151r &#8211; rozsdamentes biztons\u00e1gi csat<\/span><\/span><\/p>\n<p><span style=\"vertical-align: inherit;\"><span style=\"vertical-align: inherit;\">2. Klasszikus f\u00e9rfi kark\u00f6t\u0151 &#8211; fekete f\u00e9nyes \u00e9s matt \u00f3nix &#8211; v\u00f6r\u00f6s howlit \u00e1sv\u00e1ny &#8211; hematit gy\u0171r\u0171 &#8211; KD log\u00f3<\/span><\/span><\/p>\n<p><span style=\"vertical-align: inherit;\"><span style=\"vertical-align: inherit;\">\u00c1sv\u00e1ny \u00e1tm\u00e9r\u0151: <\/span><\/span><strong><span style=\"vertical-align: inherit;\"><span style=\"vertical-align: inherit;\">8 mm<\/span><\/span><\/strong><\/p>\n<p><span style=\"vertical-align: inherit;\"><span style=\"vertical-align: inherit;\">B\u0151rsz\u00edj vastags\u00e1ga: <\/span><\/span><strong><span style=\"vertical-align: inherit;\"><span style=\"vertical-align: inherit;\">6 mm<\/span><\/span><\/strong><\/p>\n<p><span style=\"vertical-align: inherit;\"><span style=\"vertical-align: inherit;\">Csomagol\u00e1s: V\u00e1szon t\u00e1ska log\u00f3val<\/span><\/span><\/p>\n<p><span style=\"color: #ff0000;\"><span style=\"vertical-align: inherit;\"><span style=\"vertical-align: inherit;\">Figyelem: K\u00e9rj\u00fck, m\u00e9rje meg csukl\u00f3j\u00e1t pontosan a csukl\u00f3csont alatt, \u00e9s adja meg a pontos m\u00e9retet, mi k\u00e9nyelmess\u00e9 tessz\u00fck az \u00d6n sz\u00e1m\u00e1ra.<\/span><\/span><\/span><\/p>\n","protected":false},"featured_media":17127,"template":"","meta":{"_seopress_robots_primary_cat":"none","_seopress_titles_title":"","_seopress_titles_desc":"","_seopress_robots_index":"","site-sidebar-layout":"default","site-content-layout":"","ast-site-content-layout":"default","site-content-style":"default","site-sidebar-style":"default","ast-global-header-display":"","ast-banner-title-visibility":"","ast-main-header-display":"","ast-hfb-above-header-display":"","ast-hfb-below-header-display":"","ast-hfb-mobile-header-display":"","site-post-title":"","ast-breadcrumbs-content":"","ast-featured-img":"","footer-sml-layout":"","theme-transparent-header-meta":"default","adv-header-id-meta":"","stick-header-meta":"","header-above-stick-meta":"","header-main-stick-meta":"","header-below-stick-meta":"","astra-migrate-meta-layouts":"set","ast-page-background-enabled":"default","ast-page-background-meta":{"desktop":{"background-color":"var(--ast-global-color-4)","background-image":"","background-repeat":"repeat","background-position":"center center","background-size":"auto","background-attachment":"scroll","background-type":"","background-media":"","overlay-type":"","overlay-color":"","overlay-opacity":"","overlay-gradient":""},"tablet":{"background-color":"","background-image":"","background-repeat":"repeat","background-position":"center center","background-size":"auto","background-attachment":"scroll","background-type":"","background-media":"","overlay-type":"","overlay-color":"","overlay-opacity":"","overlay-gradient":""},"mobile":{"background-color":"","background-image":"","background-repeat":"repeat","background-position":"center center","background-size":"auto","background-attachment":"scroll","background-type":"","background-media":"","overlay-type":"","overlay-color":"","overlay-opacity":"","overlay-gradient":""}},"ast-content-background-meta":{"desktop":{"background-color":"var(--ast-global-color-5)","background-image":"","background-repeat":"repeat","background-position":"center center","background-size":"auto","background-attachment":"scroll","background-type":"","background-media":"","overlay-type":"","overlay-color":"","overlay-opacity":"","overlay-gradient":""},"tablet":{"background-color":"var(--ast-global-color-5)","background-image":"","background-repeat":"repeat","background-position":"center center","background-size":"auto","background-attachment":"scroll","background-type":"","background-media":"","overlay-type":"","overlay-color":"","overlay-opacity":"","overlay-gradient":""},"mobile":{"background-color":"var(--ast-global-color-5)","background-image":"","background-repeat":"repeat","background-position":"center center","background-size":"auto","background-attachment":"scroll","background-type":"","background-media":"","overlay-type":"","overlay-color":"","overlay-opacity":"","overlay-gradient":""}}},"product_cat":[117,135,118,197],"product_tag":[281,128,125,130,129,189,127,126,280,148,190,150,198],"_links":{"self":[{"href":"https:\/\/kaygoodesignjewelry.com\/en\/wp-json\/wp\/v2\/product\/17119"}],"collection":[{"href":"https:\/\/kaygoodesignjewelry.com\/en\/wp-json\/wp\/v2\/product"}],"about":[{"href":"https:\/\/kaygoodesignjewelry.com\/en\/wp-json\/wp\/v2\/types\/product"}],"wp:featuredmedia":[{"embeddable":true,"href":"https:\/\/kaygoodesignjewelry.com\/en\/wp-json\/wp\/v2\/media\/17127"}],"wp:attachment":[{"href":"https:\/\/kaygoodesignjewelry.com\/en\/wp-json\/wp\/v2\/media?parent=17119"}],"wp:term":[{"taxonomy":"product_cat","embeddable":true,"href":"https:\/\/kaygoodesignjewelry.com\/en\/wp-json\/wp\/v2\/product_cat?post=17119"},{"taxonomy":"product_tag","embeddable":true,"href":"https:\/\/kaygoodesignjewelry.com\/en\/wp-json\/wp\/v2\/product_tag?post=17119"}],"curies":[{"name":"wp","href":"https:\/\/api.w.org\/{rel}","templated":true}]}}