{"id":16711,"date":"2024-03-07T10:00:12","date_gmt":"2024-03-07T10:00:12","guid":{"rendered":"https:\/\/kaygoodesignjewelry.com\/?post_type=product&#038;p=16711"},"modified":"2024-07-24T15:13:13","modified_gmt":"2024-07-24T15:13:13","slug":"kamen-iris-cerna-kuze-sada-prastareho-naramku","status":"publish","type":"product","link":"https:\/\/kaygoodesignjewelry.com\/en\/product\/kamen-iris-cerna-kuze-sada-prastareho-naramku\/","title":{"rendered":"K\u00e1men Iris &#8211; \u010dern\u00e1 k\u016f\u017ee &#8211; sada prastar\u00e9ho n\u00e1ramku"},"content":{"rendered":"<p>Our bracelets are made from natural precious or semi-precious minerals. The color and size of individual gemstones may vary slightly.<\/p>\n<p>Preciosa 131 50 021 elliptical mother-of-pearl crystal pearl<\/p>\n<p>Preciosa is one of the world&#8217;s leading manufacturers of faceted crystals, specializing primarily in the production of machine-cut pearls and other high-quality fashion gemstones in a variety of shapes, colors and sizes. Preciosa is known worldwide for its unique PRECIOSA\u00aeHi-Pure Crystal TM technology. The PRECIOSA\u00ae Original Czech Crystal\u2122 brand guarantees the highest quality Czech products available only at Preciosa.<\/p>\n<p>Stainless steel buckle: Nickel-free, hypoallergenic!<\/p>\n<p><strong>IMPORTANT:<\/strong><br \/>\nStrictly prohibited for leather bracelets:<\/p>\n<ul>\n<li>Do not wash with a lot of water, do not soak, because it absorbs moisture and hardens after drying<\/li>\n<li>Do not rub with a brush with coarse bristles (nail brush), as this will damage the surface and cause scratches<\/li>\n<li>Cleaning with strong chemicals or chlorine-containing chemicals is prohibited, as they reduce tear resistance and fade the color.<\/li>\n<li>Exposed to extreme heat: drying in the sun, on a heating pad or with a hair dryer, makes it brittle and rough<\/li>\n<li>Do not store below freezing: Do not store your leather goods in a garage or in a cold car in winter. In wet places, it absorbs moisture and becomes wet<\/li>\n<\/ul>\n","protected":false},"excerpt":{"rendered":"<p><strong>Bracelet set contents:<\/strong><\/p>\n<p>1. Black and leopard twisted leather &#8211; with stainless steel magnetic KD buckle<\/p>\n<p>2.Preciosa Sparkling Elliptical Mother of Pearl Crystal Bead &#8211; Bicon Crystal &#8211; Smoky Quartz &#8211; Sparkling Quartz Crystal &#8211; Stainless Steel Ring &#8211; Kaygoo Women&#8217;s Mineral Bracelet<\/p>\n<p>Mineral diameter: <strong>8 mm<\/strong>. Crystal size: <strong>5 mm<\/strong><\/p>\n<p>Preciosa mother-of-pearl crystal beads size: <strong>11 x 9.5mm<\/strong><\/p>\n<p>Packaging: Canvas bag with logo<\/p>\n<p><span style=\"color: #ff0000;\">Attention: Please measure your wrist accurately according to the strength of the wrist bone and provide the exact size. Don&#8217;t be oversized!<\/span><\/p>\n","protected":false},"featured_media":16854,"template":"","meta":{"_seopress_robots_primary_cat":"","_seopress_titles_title":"","_seopress_titles_desc":"","_seopress_robots_index":"","site-sidebar-layout":"default","site-content-layout":"","ast-site-content-layout":"default","site-content-style":"default","site-sidebar-style":"default","ast-global-header-display":"","ast-banner-title-visibility":"","ast-main-header-display":"","ast-hfb-above-header-display":"","ast-hfb-below-header-display":"","ast-hfb-mobile-header-display":"","site-post-title":"","ast-breadcrumbs-content":"","ast-featured-img":"","footer-sml-layout":"","theme-transparent-header-meta":"default","adv-header-id-meta":"","stick-header-meta":"","header-above-stick-meta":"","header-main-stick-meta":"","header-below-stick-meta":"","astra-migrate-meta-layouts":"set","ast-page-background-enabled":"default","ast-page-background-meta":{"desktop":{"background-color":"var(--ast-global-color-4)","background-image":"","background-repeat":"repeat","background-position":"center center","background-size":"auto","background-attachment":"scroll","background-type":"","background-media":"","overlay-type":"","overlay-color":"","overlay-opacity":"","overlay-gradient":""},"tablet":{"background-color":"","background-image":"","background-repeat":"repeat","background-position":"center center","background-size":"auto","background-attachment":"scroll","background-type":"","background-media":"","overlay-type":"","overlay-color":"","overlay-opacity":"","overlay-gradient":""},"mobile":{"background-color":"","background-image":"","background-repeat":"repeat","background-position":"center center","background-size":"auto","background-attachment":"scroll","background-type":"","background-media":"","overlay-type":"","overlay-color":"","overlay-opacity":"","overlay-gradient":""}},"ast-content-background-meta":{"desktop":{"background-color":"var(--ast-global-color-5)","background-image":"","background-repeat":"repeat","background-position":"center center","background-size":"auto","background-attachment":"scroll","background-type":"","background-media":"","overlay-type":"","overlay-color":"","overlay-opacity":"","overlay-gradient":""},"tablet":{"background-color":"var(--ast-global-color-5)","background-image":"","background-repeat":"repeat","background-position":"center center","background-size":"auto","background-attachment":"scroll","background-type":"","background-media":"","overlay-type":"","overlay-color":"","overlay-opacity":"","overlay-gradient":""},"mobile":{"background-color":"var(--ast-global-color-5)","background-image":"","background-repeat":"repeat","background-position":"center center","background-size":"auto","background-attachment":"scroll","background-type":"","background-media":"","overlay-type":"","overlay-color":"","overlay-opacity":"","overlay-gradient":""}}},"product_cat":[400,117,135,201,179],"product_tag":[121,281,125,130,182,280,142,206,202],"_links":{"self":[{"href":"https:\/\/kaygoodesignjewelry.com\/en\/wp-json\/wp\/v2\/product\/16711"}],"collection":[{"href":"https:\/\/kaygoodesignjewelry.com\/en\/wp-json\/wp\/v2\/product"}],"about":[{"href":"https:\/\/kaygoodesignjewelry.com\/en\/wp-json\/wp\/v2\/types\/product"}],"wp:featuredmedia":[{"embeddable":true,"href":"https:\/\/kaygoodesignjewelry.com\/en\/wp-json\/wp\/v2\/media\/16854"}],"wp:attachment":[{"href":"https:\/\/kaygoodesignjewelry.com\/en\/wp-json\/wp\/v2\/media?parent=16711"}],"wp:term":[{"taxonomy":"product_cat","embeddable":true,"href":"https:\/\/kaygoodesignjewelry.com\/en\/wp-json\/wp\/v2\/product_cat?post=16711"},{"taxonomy":"product_tag","embeddable":true,"href":"https:\/\/kaygoodesignjewelry.com\/en\/wp-json\/wp\/v2\/product_tag?post=16711"}],"curies":[{"name":"wp","href":"https:\/\/api.w.org\/{rel}","templated":true}]}}