{"id":16655,"date":"2024-03-06T15:50:13","date_gmt":"2024-03-06T15:50:13","guid":{"rendered":"https:\/\/kaygoodesignjewelry.com\/?post_type=product&#038;p=16655"},"modified":"2024-07-24T15:13:16","modified_gmt":"2024-07-24T15:13:16","slug":"iris-lososove-zbarveny-mineral-polaris-mineralni-damsky-naramek-03","status":"publish","type":"product","link":"https:\/\/kaygoodesignjewelry.com\/en\/product\/iris-lososove-zbarveny-mineral-polaris-mineralni-damsky-naramek-03\/","title":{"rendered":"Iris &#8211; lososov\u011b zbarven\u00fd miner\u00e1l &#8211; Polaris &#8211; miner\u00e1ln\u00ed d\u00e1msk\u00fd n\u00e1ramek 03"},"content":{"rendered":"<p>Our bracelets are made from natural precious or semi-precious minerals. The color and size of individual gemstones may vary slightly.<\/p>\n<p>Preciosa\u00a0 elliptical mother-of-pearl crystal pearl<\/p>\n<p>Preciosa is one of the world&#8217;s leading manufacturers of faceted crystals, specializing primarily in the production of machine-cut pearls and other high-quality fashion gemstones in a variety of shapes, colors and sizes. Preciosa is known worldwide for its unique PRECIOSA\u00aeHi-Pure Crystal TM technology. The PRECIOSA\u00ae Original Czech Crystal\u2122 brand guarantees the highest quality Czech products available only at Preciosa.<\/p>\n<p>Stainless steel buckle: Nickel-free, hypoallergenic!<\/p>\n<p><strong>Properties of stainless steel elements:<\/strong><\/p>\n<p>One of the main properties of stainless steel is that they do not oxidize. This is very important because these metals are not damaged in contact with air. Iron alloyed with noble metal has all good properties, such as acid resistance, hardness, toughness and wear resistance.<\/p>\n<p>Cleaning: Jewelry made of stainless steel or titanium is easy to clean, just wipe them with a damp cloth. Strong, caustic cleaning agents should be avoided because they can cause stains on the jewelry.<\/p>\n","protected":false},"excerpt":{"rendered":"<p><strong>Women&#8217;s mineral bracelet content:<\/strong><\/p>\n<p>1.Preciosa Salmon Elliptical Mother of Pearl Crystal Bead &#8211; Bikon Crystal &#8211; Polaris &#8211; Rock Crystal &#8211; Stainless Steel Ring &#8211; Kaygoo Women&#8217;s Mineral Bracelet<\/p>\n<p>Preciosa mother-of-pearl crystal beads size: 11&#215;9.5mm<\/p>\n<p>Mineral diameter: 8 mm<\/p>\n<p><strong>Packaging: canvas bag with logo<\/strong><\/p>\n<p><span style=\"color: #ff0000;\"><strong>Attention:<\/strong> Please measure your wrist exactly below the wrist bone and enter the exact size, we will make it convenient for you.<\/span><\/p>\n","protected":false},"featured_media":16858,"template":"","meta":{"_seopress_robots_primary_cat":"","_seopress_titles_title":"","_seopress_titles_desc":"","_seopress_robots_index":"","site-sidebar-layout":"default","site-content-layout":"","ast-site-content-layout":"default","site-content-style":"default","site-sidebar-style":"default","ast-global-header-display":"","ast-banner-title-visibility":"","ast-main-header-display":"","ast-hfb-above-header-display":"","ast-hfb-below-header-display":"","ast-hfb-mobile-header-display":"","site-post-title":"","ast-breadcrumbs-content":"","ast-featured-img":"","footer-sml-layout":"","theme-transparent-header-meta":"default","adv-header-id-meta":"","stick-header-meta":"","header-above-stick-meta":"","header-main-stick-meta":"","header-below-stick-meta":"","astra-migrate-meta-layouts":"set","ast-page-background-enabled":"default","ast-page-background-meta":{"desktop":{"background-color":"var(--ast-global-color-4)","background-image":"","background-repeat":"repeat","background-position":"center center","background-size":"auto","background-attachment":"scroll","background-type":"","background-media":"","overlay-type":"","overlay-color":"","overlay-opacity":"","overlay-gradient":""},"tablet":{"background-color":"","background-image":"","background-repeat":"repeat","background-position":"center center","background-size":"auto","background-attachment":"scroll","background-type":"","background-media":"","overlay-type":"","overlay-color":"","overlay-opacity":"","overlay-gradient":""},"mobile":{"background-color":"","background-image":"","background-repeat":"repeat","background-position":"center center","background-size":"auto","background-attachment":"scroll","background-type":"","background-media":"","overlay-type":"","overlay-color":"","overlay-opacity":"","overlay-gradient":""}},"ast-content-background-meta":{"desktop":{"background-color":"var(--ast-global-color-5)","background-image":"","background-repeat":"repeat","background-position":"center center","background-size":"auto","background-attachment":"scroll","background-type":"","background-media":"","overlay-type":"","overlay-color":"","overlay-opacity":"","overlay-gradient":""},"tablet":{"background-color":"var(--ast-global-color-5)","background-image":"","background-repeat":"repeat","background-position":"center center","background-size":"auto","background-attachment":"scroll","background-type":"","background-media":"","overlay-type":"","overlay-color":"","overlay-opacity":"","overlay-gradient":""},"mobile":{"background-color":"var(--ast-global-color-5)","background-image":"","background-repeat":"repeat","background-position":"center center","background-size":"auto","background-attachment":"scroll","background-type":"","background-media":"","overlay-type":"","overlay-color":"","overlay-opacity":"","overlay-gradient":""}}},"product_cat":[400,117,135,194,179],"product_tag":[121,281,182,280],"_links":{"self":[{"href":"https:\/\/kaygoodesignjewelry.com\/en\/wp-json\/wp\/v2\/product\/16655"}],"collection":[{"href":"https:\/\/kaygoodesignjewelry.com\/en\/wp-json\/wp\/v2\/product"}],"about":[{"href":"https:\/\/kaygoodesignjewelry.com\/en\/wp-json\/wp\/v2\/types\/product"}],"wp:featuredmedia":[{"embeddable":true,"href":"https:\/\/kaygoodesignjewelry.com\/en\/wp-json\/wp\/v2\/media\/16858"}],"wp:attachment":[{"href":"https:\/\/kaygoodesignjewelry.com\/en\/wp-json\/wp\/v2\/media?parent=16655"}],"wp:term":[{"taxonomy":"product_cat","embeddable":true,"href":"https:\/\/kaygoodesignjewelry.com\/en\/wp-json\/wp\/v2\/product_cat?post=16655"},{"taxonomy":"product_tag","embeddable":true,"href":"https:\/\/kaygoodesignjewelry.com\/en\/wp-json\/wp\/v2\/product_tag?post=16655"}],"curies":[{"name":"wp","href":"https:\/\/api.w.org\/{rel}","templated":true}]}}