{"id":13799,"date":"2023-06-12T08:25:44","date_gmt":"2023-06-12T08:25:44","guid":{"rendered":"https:\/\/kaygoodesignjewelry.com\/index.php\/product\/swarovski-wing-kristaly-polaris-gyongy-bor-noi-asvany-karkoto-szett-2\/"},"modified":"2025-11-04T06:30:38","modified_gmt":"2025-11-04T06:30:38","slug":"krystal-swarovski-perla-polaris-bila-kuze-sada-damskeho-naramku","status":"publish","type":"product","link":"https:\/\/kaygoodesignjewelry.com\/en\/product\/krystal-swarovski-perla-polaris-bila-kuze-sada-damskeho-naramku\/","title":{"rendered":"Krystal Swarovski &#8211; perla Polaris &#8211; b\u00edl\u00e1 k\u016f\u017ee &#8211; sada d\u00e1msk\u00e9ho n\u00e1ramku"},"content":{"rendered":"<p>Unsere Armb\u00e4nder bestehen aus nat\u00fcrlichen Edel- oder Halbedelmineralien. Die Farbe und Gr\u00f6\u00dfe jedes Edelsteins kann leicht variieren.<\/p>\n<p>POLARIS hat seine eigenen Eigenschaften:<\/p>\n<p>POLARIS ist auch eine spezielle Beleuchtungsversion aus Polyethylenharz. POLARIS-Perlen sind einzigartig in ihrem Glanz und ihrer besonderen Oberfl\u00e4che. Durch spezielle technische Verfahren erzeugen Perlen eine unnachahmliche und einzigartige Wirkung. Hergestellt in Europa.<\/p>\n<p>Swarovski-Zusammensetzung:\u00a0 Modell: 5590 Fl\u00fcgel, Form: Blatt<\/p>\n<p>Gr\u00f6\u00dfe: 18 mm, L\u00e4nge: 18 mm, Breite: 7,5 mm. Farbe: Crystal Silver Night.<\/p>\n<p>Stainless steel buckle: Nickel-free, hypoallergenic!<\/p>\n<p><strong>IMPORTANT:<\/strong><br \/>\nStrictly prohibited for leather bracelets:<\/p>\n<ul>\n<li>Do not wash with a lot of water, do not soak, because it absorbs moisture and hardens after drying<\/li>\n<li>Do not rub with a brush with coarse bristles (nail brush), as this will damage the surface and cause scratches<\/li>\n<li>Cleaning with strong chemicals or chlorine-containing chemicals is prohibited, as they reduce tear resistance and fade the color.<\/li>\n<li>Exposed to extreme heat: drying in the sun, on a heating pad or with a hair dryer, makes it brittle and rough<\/li>\n<li>Do not store below freezing: Do not store your leather goods in a garage or in a cold car in winter. In wet places, it absorbs moisture and becomes wet<\/li>\n<\/ul>\n<p><strong>Characteristics of stainless steel buckles:<\/strong><\/p>\n<p>One of the most important properties of stainless steel is that it does not oxidize. This is very important because these metals do not decompose in air. Iron occurs in nature as iron oxide, from which pure iron is extracted using special processes and then alloyed with other metals. Iron alloyed with precious metals has many good properties such as acid resistance, hardness, toughness and wear resistance.<\/p>\n","protected":false},"excerpt":{"rendered":"<p><strong>The bracelet set includes:<\/strong><\/p>\n<p>1.Kleon &#8211; White 100% cowhide &#8211; stainless steel Kaygoo design matte black magnetic buckle &#8211;<br \/>\n2. Swarovski Wing Crystal &#8211; Polaris Pearl &#8211; Zircon Silver Ring &#8211; Bright White Jade &#8211; Stainless Steel Ring &#8211; Rock Crystal &#8211; Kaygoo Logo &#8211; Women&#8217;s Mineral Bracelet<\/p>\n<p>Mineral diameter: <strong>8 mm<\/strong><\/p>\n<p>Leather strap size: <strong>12mm x 6mm<\/strong><\/p>\n<p>Swarovski crystal size: <strong>18mm*7.5mm<\/strong><\/p>\n<p><span style=\"color: #ff0000;\">Attention: Please measure your wrist exactly below the wrist bone and enter the exact size, we will make it convenient for you.<\/span><\/p>\n","protected":false},"featured_media":16229,"template":"","meta":{"_seopress_robots_primary_cat":"none","_seopress_titles_title":"","_seopress_titles_desc":"","_seopress_robots_index":"","site-sidebar-layout":"default","site-content-layout":"","ast-site-content-layout":"default","site-content-style":"default","site-sidebar-style":"default","ast-global-header-display":"","ast-banner-title-visibility":"","ast-main-header-display":"","ast-hfb-above-header-display":"","ast-hfb-below-header-display":"","ast-hfb-mobile-header-display":"","site-post-title":"","ast-breadcrumbs-content":"","ast-featured-img":"","footer-sml-layout":"","theme-transparent-header-meta":"default","adv-header-id-meta":"","stick-header-meta":"","header-above-stick-meta":"","header-main-stick-meta":"","header-below-stick-meta":"","astra-migrate-meta-layouts":"set","ast-page-background-enabled":"default","ast-page-background-meta":{"desktop":{"background-color":"var(--ast-global-color-4)","background-image":"","background-repeat":"repeat","background-position":"center center","background-size":"auto","background-attachment":"scroll","background-type":"","background-media":"","overlay-type":"","overlay-color":"","overlay-opacity":"","overlay-gradient":""},"tablet":{"background-color":"","background-image":"","background-repeat":"repeat","background-position":"center center","background-size":"auto","background-attachment":"scroll","background-type":"","background-media":"","overlay-type":"","overlay-color":"","overlay-opacity":"","overlay-gradient":""},"mobile":{"background-color":"","background-image":"","background-repeat":"repeat","background-position":"center center","background-size":"auto","background-attachment":"scroll","background-type":"","background-media":"","overlay-type":"","overlay-color":"","overlay-opacity":"","overlay-gradient":""}},"ast-content-background-meta":{"desktop":{"background-color":"var(--ast-global-color-5)","background-image":"","background-repeat":"repeat","background-position":"center center","background-size":"auto","background-attachment":"scroll","background-type":"","background-media":"","overlay-type":"","overlay-color":"","overlay-opacity":"","overlay-gradient":""},"tablet":{"background-color":"var(--ast-global-color-5)","background-image":"","background-repeat":"repeat","background-position":"center center","background-size":"auto","background-attachment":"scroll","background-type":"","background-media":"","overlay-type":"","overlay-color":"","overlay-opacity":"","overlay-gradient":""},"mobile":{"background-color":"var(--ast-global-color-5)","background-image":"","background-repeat":"repeat","background-position":"center center","background-size":"auto","background-attachment":"scroll","background-type":"","background-media":"","overlay-type":"","overlay-color":"","overlay-opacity":"","overlay-gradient":""}}},"product_cat":[400,135,141,201,179,207],"product_tag":[121,128,125,182,189,123,176,202,205],"_links":{"self":[{"href":"https:\/\/kaygoodesignjewelry.com\/en\/wp-json\/wp\/v2\/product\/13799"}],"collection":[{"href":"https:\/\/kaygoodesignjewelry.com\/en\/wp-json\/wp\/v2\/product"}],"about":[{"href":"https:\/\/kaygoodesignjewelry.com\/en\/wp-json\/wp\/v2\/types\/product"}],"wp:featuredmedia":[{"embeddable":true,"href":"https:\/\/kaygoodesignjewelry.com\/en\/wp-json\/wp\/v2\/media\/16229"}],"wp:attachment":[{"href":"https:\/\/kaygoodesignjewelry.com\/en\/wp-json\/wp\/v2\/media?parent=13799"}],"wp:term":[{"taxonomy":"product_cat","embeddable":true,"href":"https:\/\/kaygoodesignjewelry.com\/en\/wp-json\/wp\/v2\/product_cat?post=13799"},{"taxonomy":"product_tag","embeddable":true,"href":"https:\/\/kaygoodesignjewelry.com\/en\/wp-json\/wp\/v2\/product_tag?post=13799"}],"curies":[{"name":"wp","href":"https:\/\/api.w.org\/{rel}","templated":true}]}}