{"id":13712,"date":"2023-06-06T07:13:04","date_gmt":"2023-06-06T07:13:04","guid":{"rendered":"https:\/\/kaygoodesignjewelry.com\/index.php\/product\/swarovski-wing-kristaly-polaris-gyongy-noi-asvany-karkoto-2\/"},"modified":"2024-07-24T15:32:33","modified_gmt":"2024-07-24T15:32:33","slug":"swarovski-graffit-crystal-polaris-bila-perla-damsky-mineralni-naramek","status":"publish","type":"product","link":"https:\/\/kaygoodesignjewelry.com\/en\/product\/swarovski-graffit-crystal-polaris-bila-perla-damsky-mineralni-naramek\/","title":{"rendered":"Swarovski Graffit crystal &#8211; Polaris b\u00edl\u00e1 perla &#8211; d\u00e1msk\u00fd miner\u00e1ln\u00ed n\u00e1ramek"},"content":{"rendered":"<p>Our bracelets are made from natural precious or semi-precious minerals. The color and size of individual gemstones may vary slightly.<\/p>\n<p>Swarovski Composition: Model: 5590 Wing, Shape: Leaf<\/p>\n<p>Size: 18mm, Length: 18mm, Width: 7.5mm. Color: Crystal Silver Night.<\/p>\n<p>Stainless steel buckle: Nickel-free, hypoallergenic!<\/p>\n<p><strong>Properties of stainless steel elements:<\/strong><\/p>\n<p>One of the main properties of stainless steel is that they do not oxidize. This is very important because these metals are not damaged in contact with air. Iron alloyed with noble metal has all good properties, such as acid resistance, hardness, toughness and wear resistance.<\/p>\n<p>Cleaning: Jewelry made of stainless steel or titanium is easy to clean, just wipe them with a damp cloth. Strong, caustic cleaning agents should be avoided because they can cause stains on the jewelry.<\/p>\n","protected":false},"excerpt":{"rendered":"<p><strong>Women&#8217;s mineral bracelet content:<\/strong><\/p>\n<p>1.Swarovski Wing Crystal &#8211; Polaris Pearl &#8211; Zircon Silver Ring &#8211; Bright White Jade &#8211; Stainless Steel Ring &#8211; Mountain Crystal &#8211; Kaygoo Logo Women&#8217;s Mineral Bracelet<\/p>\n<p>Mineral diameter: 8 mm<\/p>\n<p><strong>Packaging: canvas bag with logo<\/strong><\/p>\n<p><span style=\"color: #ff0000;\"><strong>Attention:<\/strong> Please measure your wrist exactly below the wrist bone and enter the exact size, we will make it convenient for you.<\/span><\/p>\n","protected":false},"featured_media":16227,"template":"","meta":{"_seopress_robots_primary_cat":"","_seopress_titles_title":"","_seopress_titles_desc":"","_seopress_robots_index":"","site-sidebar-layout":"default","site-content-layout":"","ast-site-content-layout":"default","site-content-style":"default","site-sidebar-style":"default","ast-global-header-display":"","ast-banner-title-visibility":"","ast-main-header-display":"","ast-hfb-above-header-display":"","ast-hfb-below-header-display":"","ast-hfb-mobile-header-display":"","site-post-title":"","ast-breadcrumbs-content":"","ast-featured-img":"","footer-sml-layout":"","theme-transparent-header-meta":"default","adv-header-id-meta":"","stick-header-meta":"","header-above-stick-meta":"","header-main-stick-meta":"","header-below-stick-meta":"","astra-migrate-meta-layouts":"set","ast-page-background-enabled":"default","ast-page-background-meta":{"desktop":{"background-color":"var(--ast-global-color-4)","background-image":"","background-repeat":"repeat","background-position":"center center","background-size":"auto","background-attachment":"scroll","background-type":"","background-media":"","overlay-type":"","overlay-color":"","overlay-opacity":"","overlay-gradient":""},"tablet":{"background-color":"","background-image":"","background-repeat":"repeat","background-position":"center center","background-size":"auto","background-attachment":"scroll","background-type":"","background-media":"","overlay-type":"","overlay-color":"","overlay-opacity":"","overlay-gradient":""},"mobile":{"background-color":"","background-image":"","background-repeat":"repeat","background-position":"center center","background-size":"auto","background-attachment":"scroll","background-type":"","background-media":"","overlay-type":"","overlay-color":"","overlay-opacity":"","overlay-gradient":""}},"ast-content-background-meta":{"desktop":{"background-color":"var(--ast-global-color-5)","background-image":"","background-repeat":"repeat","background-position":"center center","background-size":"auto","background-attachment":"scroll","background-type":"","background-media":"","overlay-type":"","overlay-color":"","overlay-opacity":"","overlay-gradient":""},"tablet":{"background-color":"var(--ast-global-color-5)","background-image":"","background-repeat":"repeat","background-position":"center center","background-size":"auto","background-attachment":"scroll","background-type":"","background-media":"","overlay-type":"","overlay-color":"","overlay-opacity":"","overlay-gradient":""},"mobile":{"background-color":"var(--ast-global-color-5)","background-image":"","background-repeat":"repeat","background-position":"center center","background-size":"auto","background-attachment":"scroll","background-type":"","background-media":"","overlay-type":"","overlay-color":"","overlay-opacity":"","overlay-gradient":""}}},"product_cat":[400,117,135,141,194,179,207],"product_tag":[121,128,125,129,123,142],"_links":{"self":[{"href":"https:\/\/kaygoodesignjewelry.com\/en\/wp-json\/wp\/v2\/product\/13712"}],"collection":[{"href":"https:\/\/kaygoodesignjewelry.com\/en\/wp-json\/wp\/v2\/product"}],"about":[{"href":"https:\/\/kaygoodesignjewelry.com\/en\/wp-json\/wp\/v2\/types\/product"}],"wp:featuredmedia":[{"embeddable":true,"href":"https:\/\/kaygoodesignjewelry.com\/en\/wp-json\/wp\/v2\/media\/16227"}],"wp:attachment":[{"href":"https:\/\/kaygoodesignjewelry.com\/en\/wp-json\/wp\/v2\/media?parent=13712"}],"wp:term":[{"taxonomy":"product_cat","embeddable":true,"href":"https:\/\/kaygoodesignjewelry.com\/en\/wp-json\/wp\/v2\/product_cat?post=13712"},{"taxonomy":"product_tag","embeddable":true,"href":"https:\/\/kaygoodesignjewelry.com\/en\/wp-json\/wp\/v2\/product_tag?post=13712"}],"curies":[{"name":"wp","href":"https:\/\/api.w.org\/{rel}","templated":true}]}}