{"id":12976,"date":"2022-11-16T19:40:10","date_gmt":"2022-11-16T19:40:10","guid":{"rendered":"https:\/\/kaygoodesignjewelry.com\/index.php\/product\/premium-ferfi-karkoto-sling-charm02-feher-korall-2\/"},"modified":"2024-07-24T15:39:21","modified_gmt":"2024-07-24T15:39:21","slug":"ball-ornament-coral-hematite-mens-bracelet","status":"publish","type":"product","link":"https:\/\/kaygoodesignjewelry.com\/en\/product\/ball-ornament-coral-hematite-mens-bracelet\/","title":{"rendered":"Ball ornament &#8211; coral &#8211; hematite &#8211; men&#8217;s bracelet"},"content":{"rendered":"<p><strong>The composition of the bracelet:<\/strong><\/p>\n<p>1. Black, stainless steel belt ball with antique pattern<\/p>\n<p>2. Graphite colored stainless steel rod<\/p>\n<p>3.6 mm graphite hematite bead in stainless steel<\/p>\n<p>4. Shiny white coral<\/p>\n<p>5.KD design dice with hematite logo<\/p>\n<p>Stainless steel buckle: Nickel-free, hypoallergenic!<\/p>\n<p>Unsere Armb\u00e4nder bestehen aus nat\u00fcrlichen Edel- oder Halbedelmineralien. Die Farbe und Gr\u00f6\u00dfe jedes Edelsteins kann leicht variieren.<\/p>\n<p><strong>Characteristics of stainless steel buckles:<\/strong><\/p>\n<p>One of the most important properties of stainless steel is that it does not oxidize. This is very important because these metals do not decompose in air. Iron occurs in nature as iron oxide, from which pure iron is extracted using special processes and then alloyed with other metals. Iron alloyed with precious metals has many good properties such as acid resistance, hardness, toughness and wear resistance.<\/p>\n<p><em>Cleaning:<\/em> Strong, corrosive cleaning agents should be avoided as they can stain the jewelry.<\/p>\n","protected":false},"excerpt":{"rendered":"<p>Premium design &#8211; men&#8217;s bracelet &#8211; also available in sets at a discounted price<\/p>\n<p><strong>Contents of the mineral bracelet:<\/strong><\/p>\n<p>Black Stainless Steel Strap Ball &#8211; Graphite Stainless Steel Rod &#8211; Graphite Hematite Bead &#8211; White Coral &#8211; KD Hematite Logo<\/p>\n<p>Strap ball size: <strong>9.5 mm<\/strong><\/p>\n<p>Mineral size: <strong>8mm, 6mm<\/strong><\/p>\n<p><span style=\"color: #ff0000;\">Attention: Please measure your wrist exactly below the wrist bone and enter the exact size, we will make it convenient for you.<\/span><\/p>\n","protected":false},"featured_media":16562,"template":"","meta":{"_seopress_robots_primary_cat":"","_seopress_titles_title":"","_seopress_titles_desc":"","_seopress_robots_index":"","site-sidebar-layout":"default","site-content-layout":"","ast-site-content-layout":"default","site-content-style":"default","site-sidebar-style":"default","ast-global-header-display":"","ast-banner-title-visibility":"","ast-main-header-display":"","ast-hfb-above-header-display":"","ast-hfb-below-header-display":"","ast-hfb-mobile-header-display":"","site-post-title":"","ast-breadcrumbs-content":"","ast-featured-img":"","footer-sml-layout":"","theme-transparent-header-meta":"default","adv-header-id-meta":"","stick-header-meta":"","header-above-stick-meta":"","header-main-stick-meta":"","header-below-stick-meta":"","astra-migrate-meta-layouts":"set","ast-page-background-enabled":"default","ast-page-background-meta":{"desktop":{"background-color":"var(--ast-global-color-4)","background-image":"","background-repeat":"repeat","background-position":"center center","background-size":"auto","background-attachment":"scroll","background-type":"","background-media":"","overlay-type":"","overlay-color":"","overlay-opacity":"","overlay-gradient":""},"tablet":{"background-color":"","background-image":"","background-repeat":"repeat","background-position":"center center","background-size":"auto","background-attachment":"scroll","background-type":"","background-media":"","overlay-type":"","overlay-color":"","overlay-opacity":"","overlay-gradient":""},"mobile":{"background-color":"","background-image":"","background-repeat":"repeat","background-position":"center center","background-size":"auto","background-attachment":"scroll","background-type":"","background-media":"","overlay-type":"","overlay-color":"","overlay-opacity":"","overlay-gradient":""}},"ast-content-background-meta":{"desktop":{"background-color":"var(--ast-global-color-5)","background-image":"","background-repeat":"repeat","background-position":"center center","background-size":"auto","background-attachment":"scroll","background-type":"","background-media":"","overlay-type":"","overlay-color":"","overlay-opacity":"","overlay-gradient":""},"tablet":{"background-color":"var(--ast-global-color-5)","background-image":"","background-repeat":"repeat","background-position":"center center","background-size":"auto","background-attachment":"scroll","background-type":"","background-media":"","overlay-type":"","overlay-color":"","overlay-opacity":"","overlay-gradient":""},"mobile":{"background-color":"var(--ast-global-color-5)","background-image":"","background-repeat":"repeat","background-position":"center center","background-size":"auto","background-attachment":"scroll","background-type":"","background-media":"","overlay-type":"","overlay-color":"","overlay-opacity":"","overlay-gradient":""}}},"product_cat":[117,135,118,193,162],"product_tag":[121,128,182,127,210],"_links":{"self":[{"href":"https:\/\/kaygoodesignjewelry.com\/en\/wp-json\/wp\/v2\/product\/12976"}],"collection":[{"href":"https:\/\/kaygoodesignjewelry.com\/en\/wp-json\/wp\/v2\/product"}],"about":[{"href":"https:\/\/kaygoodesignjewelry.com\/en\/wp-json\/wp\/v2\/types\/product"}],"wp:featuredmedia":[{"embeddable":true,"href":"https:\/\/kaygoodesignjewelry.com\/en\/wp-json\/wp\/v2\/media\/16562"}],"wp:attachment":[{"href":"https:\/\/kaygoodesignjewelry.com\/en\/wp-json\/wp\/v2\/media?parent=12976"}],"wp:term":[{"taxonomy":"product_cat","embeddable":true,"href":"https:\/\/kaygoodesignjewelry.com\/en\/wp-json\/wp\/v2\/product_cat?post=12976"},{"taxonomy":"product_tag","embeddable":true,"href":"https:\/\/kaygoodesignjewelry.com\/en\/wp-json\/wp\/v2\/product_tag?post=12976"}],"curies":[{"name":"wp","href":"https:\/\/api.w.org\/{rel}","templated":true}]}}