{"id":12936,"date":"2022-11-14T19:48:06","date_gmt":"2022-11-14T19:48:06","guid":{"rendered":"https:\/\/kaygoodesignjewelry.com\/index.php\/product\/premium-ferfi-karkoto-sling-charm-karneol-2\/"},"modified":"2024-07-24T15:39:25","modified_gmt":"2024-07-24T15:39:25","slug":"ball-ornament-hematite-carnelian-mens-bracelet","status":"publish","type":"product","link":"https:\/\/kaygoodesignjewelry.com\/en\/product\/ball-ornament-hematite-carnelian-mens-bracelet\/","title":{"rendered":"Ball ornament &#8211; hematite &#8211; carnelian &#8211; men&#8217;s bracelet"},"content":{"rendered":"<p>The composition of the bracelet:<\/p>\n<p>1.Stainless steel belt ball with antique pattern<\/p>\n<p>2. Stainless steel silver bars<\/p>\n<p>3.6mm graphite hematite bead in stainless steel ring<\/p>\n<p>4.Carnelian mineral<\/p>\n<p>5. KD design cube made of stainless steel with logo<\/p>\n<p>Stainless steel buckle: Nickel-free, hypoallergenic!<\/p>\n<p>Our bracelets are made from natural precious or semi-precious minerals. The color and size of individual gemstones may vary slightly.<\/p>\n<p><strong>Characteristics of stainless steel buckles:<\/strong><\/p>\n<p>One of the most important properties of stainless steel is that it does not oxidize. This is very important because these metals do not decompose in air. Iron occurs in nature as iron oxide, from which pure iron is extracted using special processes and then alloyed with other metals. Iron alloyed with precious metals has many good properties such as acid resistance, hardness, toughness and wear resistance.<\/p>\n<p><em>Cleaning:<\/em> Strong, corrosive cleaning agents should be avoided as they can stain the jewelry.<\/p>\n","protected":false},"excerpt":{"rendered":"<p><em>Premium-Design \u2013 Herrenarmband \u2013 Auch als Set zum reduzierten Preis erh\u00e4ltlich<\/em><\/p>\n<p><strong>Inhalt des Mineralarmbandes:<\/strong><\/p>\n<p>Sling &#8211; Kugel aus Edelstahl \u2013 Stab aus H\u00e4matit \u2013 Perle in der Farbe Graphit-H\u00e4matit \u2013 Karneol \u2013 KD-Logo aus Edelstahl<\/p>\n<p>Sling-Ballgr\u00f6\u00dfe:<strong> 9,5 mm\u00a0<\/strong><\/p>\n<p>Mineralgr\u00f6\u00dfe: <strong>8 mm, 6 mm<\/strong><\/p>\n<p><span style=\"color: #ff0000;\">Achtung: Bitte messen Sie Ihr Handgelenk genau unterhalb des Handgelenksknochens und geben Sie die genaue Gr\u00f6\u00dfe an, wir machen es f\u00fcr Sie bequem.<\/span><\/p>\n","protected":false},"featured_media":16566,"template":"","meta":{"_seopress_robots_primary_cat":"","_seopress_titles_title":"","_seopress_titles_desc":"","_seopress_robots_index":"","site-sidebar-layout":"default","site-content-layout":"","ast-site-content-layout":"default","site-content-style":"default","site-sidebar-style":"default","ast-global-header-display":"","ast-banner-title-visibility":"","ast-main-header-display":"","ast-hfb-above-header-display":"","ast-hfb-below-header-display":"","ast-hfb-mobile-header-display":"","site-post-title":"","ast-breadcrumbs-content":"","ast-featured-img":"","footer-sml-layout":"","theme-transparent-header-meta":"default","adv-header-id-meta":"","stick-header-meta":"","header-above-stick-meta":"","header-main-stick-meta":"","header-below-stick-meta":"","astra-migrate-meta-layouts":"set","ast-page-background-enabled":"default","ast-page-background-meta":{"desktop":{"background-color":"var(--ast-global-color-4)","background-image":"","background-repeat":"repeat","background-position":"center center","background-size":"auto","background-attachment":"scroll","background-type":"","background-media":"","overlay-type":"","overlay-color":"","overlay-opacity":"","overlay-gradient":""},"tablet":{"background-color":"","background-image":"","background-repeat":"repeat","background-position":"center center","background-size":"auto","background-attachment":"scroll","background-type":"","background-media":"","overlay-type":"","overlay-color":"","overlay-opacity":"","overlay-gradient":""},"mobile":{"background-color":"","background-image":"","background-repeat":"repeat","background-position":"center center","background-size":"auto","background-attachment":"scroll","background-type":"","background-media":"","overlay-type":"","overlay-color":"","overlay-opacity":"","overlay-gradient":""}},"ast-content-background-meta":{"desktop":{"background-color":"var(--ast-global-color-5)","background-image":"","background-repeat":"repeat","background-position":"center center","background-size":"auto","background-attachment":"scroll","background-type":"","background-media":"","overlay-type":"","overlay-color":"","overlay-opacity":"","overlay-gradient":""},"tablet":{"background-color":"var(--ast-global-color-5)","background-image":"","background-repeat":"repeat","background-position":"center center","background-size":"auto","background-attachment":"scroll","background-type":"","background-media":"","overlay-type":"","overlay-color":"","overlay-opacity":"","overlay-gradient":""},"mobile":{"background-color":"var(--ast-global-color-5)","background-image":"","background-repeat":"repeat","background-position":"center center","background-size":"auto","background-attachment":"scroll","background-type":"","background-media":"","overlay-type":"","overlay-color":"","overlay-opacity":"","overlay-gradient":""}}},"product_cat":[117,135,118,193,162],"product_tag":[121,128,125,182,127,210],"_links":{"self":[{"href":"https:\/\/kaygoodesignjewelry.com\/en\/wp-json\/wp\/v2\/product\/12936"}],"collection":[{"href":"https:\/\/kaygoodesignjewelry.com\/en\/wp-json\/wp\/v2\/product"}],"about":[{"href":"https:\/\/kaygoodesignjewelry.com\/en\/wp-json\/wp\/v2\/types\/product"}],"wp:featuredmedia":[{"embeddable":true,"href":"https:\/\/kaygoodesignjewelry.com\/en\/wp-json\/wp\/v2\/media\/16566"}],"wp:attachment":[{"href":"https:\/\/kaygoodesignjewelry.com\/en\/wp-json\/wp\/v2\/media?parent=12936"}],"wp:term":[{"taxonomy":"product_cat","embeddable":true,"href":"https:\/\/kaygoodesignjewelry.com\/en\/wp-json\/wp\/v2\/product_cat?post=12936"},{"taxonomy":"product_tag","embeddable":true,"href":"https:\/\/kaygoodesignjewelry.com\/en\/wp-json\/wp\/v2\/product_tag?post=12936"}],"curies":[{"name":"wp","href":"https:\/\/api.w.org\/{rel}","templated":true}]}}