{"id":12786,"date":"2022-10-30T17:38:38","date_gmt":"2022-10-30T17:38:38","guid":{"rendered":"https:\/\/kaygoodesignjewelry.com\/index.php\/product\/matt-jaspis-ezust-cirkonia-gyuru-noi-asvanykarkoto-2\/"},"modified":"2024-07-24T15:41:16","modified_gmt":"2024-07-24T15:41:16","slug":"stribrny-zirkonovy-prsten-matny-jaspis-damsky-mineralni-naramek","status":"publish","type":"product","link":"https:\/\/kaygoodesignjewelry.com\/en\/product\/stribrny-zirkonovy-prsten-matny-jaspis-damsky-mineralni-naramek\/","title":{"rendered":"St\u0159\u00edbrn\u00fd zirkonov\u00fd prsten &#8211; matn\u00fd jaspis d\u00e1msk\u00fd miner\u00e1ln\u00ed n\u00e1ramek"},"content":{"rendered":"<p>Our bracelets are made from natural precious or semi-precious minerals. The color and size of individual gemstones may vary slightly.<\/p>\n<p><strong>Properties of stainless steel elements:<\/strong><\/p>\n<p>One of the main properties of stainless steel is that they do not oxidize. This is very important because these metals are not damaged in contact with air. Iron alloyed with noble metal has all good properties, such as acid resistance, hardness, toughness and wear resistance.<\/p>\n<p>Cleaning: Jewelry made of stainless steel or titanium is easy to clean, just wipe them with a damp cloth. Strong, caustic cleaning agents should be avoided because they can cause stains on the jewelry.<\/p>\n","protected":false},"excerpt":{"rendered":"<p><strong>Women&#8217;s mineral bracelet content:<\/strong><\/p>\n<p>1.Silver Color Zirconia Ring &#8211; Matte Orange Jasper &#8211; Broken Rock Crystal &#8211; Stainless Steel Ring &#8211; Kaygoo Logo<\/p>\n<p>Mineral diameter: 8 mm<\/p>\n<p><strong>Packaging: canvas bag with logo<\/strong><\/p>\n<p><span style=\"color: #ff0000;\"><strong>Attention:<\/strong> Please measure your wrist exactly below the wrist bone and enter the exact size, we will make it convenient for you.<\/span><\/p>\n","protected":false},"featured_media":16513,"template":"","meta":{"_seopress_robots_primary_cat":"","_seopress_titles_title":"","_seopress_titles_desc":"","_seopress_robots_index":"","site-sidebar-layout":"default","site-content-layout":"","ast-site-content-layout":"default","site-content-style":"default","site-sidebar-style":"default","ast-global-header-display":"","ast-banner-title-visibility":"","ast-main-header-display":"","ast-hfb-above-header-display":"","ast-hfb-below-header-display":"","ast-hfb-mobile-header-display":"","site-post-title":"","ast-breadcrumbs-content":"","ast-featured-img":"","footer-sml-layout":"","theme-transparent-header-meta":"default","adv-header-id-meta":"","stick-header-meta":"","header-above-stick-meta":"","header-main-stick-meta":"","header-below-stick-meta":"","astra-migrate-meta-layouts":"set","ast-page-background-enabled":"default","ast-page-background-meta":{"desktop":{"background-color":"var(--ast-global-color-4)","background-image":"","background-repeat":"repeat","background-position":"center center","background-size":"auto","background-attachment":"scroll","background-type":"","background-media":"","overlay-type":"","overlay-color":"","overlay-opacity":"","overlay-gradient":""},"tablet":{"background-color":"","background-image":"","background-repeat":"repeat","background-position":"center center","background-size":"auto","background-attachment":"scroll","background-type":"","background-media":"","overlay-type":"","overlay-color":"","overlay-opacity":"","overlay-gradient":""},"mobile":{"background-color":"","background-image":"","background-repeat":"repeat","background-position":"center center","background-size":"auto","background-attachment":"scroll","background-type":"","background-media":"","overlay-type":"","overlay-color":"","overlay-opacity":"","overlay-gradient":""}},"ast-content-background-meta":{"desktop":{"background-color":"var(--ast-global-color-5)","background-image":"","background-repeat":"repeat","background-position":"center center","background-size":"auto","background-attachment":"scroll","background-type":"","background-media":"","overlay-type":"","overlay-color":"","overlay-opacity":"","overlay-gradient":""},"tablet":{"background-color":"var(--ast-global-color-5)","background-image":"","background-repeat":"repeat","background-position":"center center","background-size":"auto","background-attachment":"scroll","background-type":"","background-media":"","overlay-type":"","overlay-color":"","overlay-opacity":"","overlay-gradient":""},"mobile":{"background-color":"var(--ast-global-color-5)","background-image":"","background-repeat":"repeat","background-position":"center center","background-size":"auto","background-attachment":"scroll","background-type":"","background-media":"","overlay-type":"","overlay-color":"","overlay-opacity":"","overlay-gradient":""}}},"product_cat":[400,117,135,141,156],"product_tag":[182,210,142],"_links":{"self":[{"href":"https:\/\/kaygoodesignjewelry.com\/en\/wp-json\/wp\/v2\/product\/12786"}],"collection":[{"href":"https:\/\/kaygoodesignjewelry.com\/en\/wp-json\/wp\/v2\/product"}],"about":[{"href":"https:\/\/kaygoodesignjewelry.com\/en\/wp-json\/wp\/v2\/types\/product"}],"wp:featuredmedia":[{"embeddable":true,"href":"https:\/\/kaygoodesignjewelry.com\/en\/wp-json\/wp\/v2\/media\/16513"}],"wp:attachment":[{"href":"https:\/\/kaygoodesignjewelry.com\/en\/wp-json\/wp\/v2\/media?parent=12786"}],"wp:term":[{"taxonomy":"product_cat","embeddable":true,"href":"https:\/\/kaygoodesignjewelry.com\/en\/wp-json\/wp\/v2\/product_cat?post=12786"},{"taxonomy":"product_tag","embeddable":true,"href":"https:\/\/kaygoodesignjewelry.com\/en\/wp-json\/wp\/v2\/product_tag?post=12786"}],"curies":[{"name":"wp","href":"https:\/\/api.w.org\/{rel}","templated":true}]}}