{"id":10630,"date":"2020-01-20T18:28:49","date_gmt":"2020-01-20T18:28:49","guid":{"rendered":"https:\/\/kaygoodesignjewelry.com\/index.php\/product\/toll-charm-swarovski-koves-onix-bor-noi-karkoto-szett-2\/"},"modified":"2024-07-24T15:53:52","modified_gmt":"2024-07-24T15:53:52","slug":"ozdoba-z-ptaciho-peri-silver-bicone-onyx-sada-tridilnych-kozenych-damskych-naramku","status":"publish","type":"product","link":"https:\/\/kaygoodesignjewelry.com\/en\/product\/ozdoba-z-ptaciho-peri-silver-bicone-onyx-sada-tridilnych-kozenych-damskych-naramku\/","title":{"rendered":"Ozdoba z pta\u010d\u00edho pe\u0159\u00ed &#8211; Silver Bicone &#8211; Onyx &#8211; Sada t\u0159\u00edd\u00edln\u00fdch ko\u017een\u00fdch d\u00e1msk\u00fdch n\u00e1ramk\u016f"},"content":{"rendered":"<p>Stainless steel buckle: Nickel-free, hypoallergenic!<\/p>\n<p><strong>IMPORTANT:<\/strong><br \/>\nStrictly prohibited for leather bracelets:<\/p>\n<ul>\n<li>Do not wash with a lot of water, do not soak, because it absorbs moisture and hardens after drying<\/li>\n<li>Do not rub with a brush with coarse bristles (nail brush), as this will damage the surface and cause scratches<\/li>\n<li>Cleaning with strong chemicals or chlorine-containing chemicals is prohibited, as they reduce tear resistance and fade the color.<\/li>\n<li>Exposed to extreme heat: drying in the sun, on a heating pad or with a hair dryer, makes it brittle and rough<\/li>\n<li>Do not store below freezing: Do not store your leather goods in a garage or in a cold car in winter. In wet places, it absorbs moisture and becomes wet<\/li>\n<\/ul>\n<p><strong>Characteristics of stainless steel buckles:<\/strong><\/p>\n<p>One of the most important properties of stainless steel is that it does not oxidize. This is very important because these metals do not decompose in air. Iron occurs in nature as iron oxide, from which pure iron is extracted using special processes and then alloyed with other metals. Iron alloyed with precious metals has many good properties such as acid resistance, hardness, toughness and wear resistance.<\/p>\n<p><em>Cleaning:<\/em> Strong, corrosive cleaning agents should be avoided as they can stain the jewelry.<\/p>\n","protected":false},"excerpt":{"rendered":"<p><span style=\"color: #ff0000;\">The set includes a gift box!<\/span><\/p>\n<p><strong>Contents of the triple bracelet set:<\/strong><\/p>\n<p>1. 100% black cowhide strap &#8211; stainless steel safety buckle<\/p>\n<p>2. Women&#8217;s silver braided bracelet made of 100% cowhide &#8211; with hammered stainless steel buckle<\/p>\n<p>3. Black matte and shiny onyx &#8211; rock crystal &#8211; stainless steel feather ornament &#8211; double crystal cone &#8211; KD logo &#8211; women&#8217;s mineral bracelet<\/p>\n<p>Mineral diameter: <strong>8 mm<\/strong><\/p>\n<p>Leather strap thickness: <strong>6 mm<\/strong><\/p>\n<p>Preciosa crystal size: <strong>4 mm<\/strong><\/p>\n<p>Packaging: canvas gift box with logo<\/p>\n<p><span style=\"color: #ff0000;\">Attention: Please measure your wrist exactly below the wrist bone and enter the exact size, we will make it convenient for you.<\/span><\/p>\n","protected":false},"featured_media":16249,"template":"","meta":{"_seopress_robots_primary_cat":"","_seopress_titles_title":"","_seopress_titles_desc":"","_seopress_robots_index":"","site-sidebar-layout":"default","site-content-layout":"","ast-site-content-layout":"default","site-content-style":"default","site-sidebar-style":"default","ast-global-header-display":"","ast-banner-title-visibility":"","ast-main-header-display":"","ast-hfb-above-header-display":"","ast-hfb-below-header-display":"","ast-hfb-mobile-header-display":"","site-post-title":"","ast-breadcrumbs-content":"","ast-featured-img":"","footer-sml-layout":"","theme-transparent-header-meta":"default","adv-header-id-meta":"","stick-header-meta":"","header-above-stick-meta":"","header-main-stick-meta":"","header-below-stick-meta":"","astra-migrate-meta-layouts":"set","ast-page-background-enabled":"default","ast-page-background-meta":{"desktop":{"background-color":"var(--ast-global-color-4)","background-image":"","background-repeat":"repeat","background-position":"center center","background-size":"auto","background-attachment":"scroll","background-type":"","background-media":"","overlay-type":"","overlay-color":"","overlay-opacity":"","overlay-gradient":""},"tablet":{"background-color":"","background-image":"","background-repeat":"repeat","background-position":"center center","background-size":"auto","background-attachment":"scroll","background-type":"","background-media":"","overlay-type":"","overlay-color":"","overlay-opacity":"","overlay-gradient":""},"mobile":{"background-color":"","background-image":"","background-repeat":"repeat","background-position":"center center","background-size":"auto","background-attachment":"scroll","background-type":"","background-media":"","overlay-type":"","overlay-color":"","overlay-opacity":"","overlay-gradient":""}},"ast-content-background-meta":{"desktop":{"background-color":"var(--ast-global-color-5)","background-image":"","background-repeat":"repeat","background-position":"center center","background-size":"auto","background-attachment":"scroll","background-type":"","background-media":"","overlay-type":"","overlay-color":"","overlay-opacity":"","overlay-gradient":""},"tablet":{"background-color":"var(--ast-global-color-5)","background-image":"","background-repeat":"repeat","background-position":"center center","background-size":"auto","background-attachment":"scroll","background-type":"","background-media":"","overlay-type":"","overlay-color":"","overlay-opacity":"","overlay-gradient":""},"mobile":{"background-color":"var(--ast-global-color-5)","background-image":"","background-repeat":"repeat","background-position":"center center","background-size":"auto","background-attachment":"scroll","background-type":"","background-media":"","overlay-type":"","overlay-color":"","overlay-opacity":"","overlay-gradient":""}}},"product_cat":[400,135,141,201,153,194,207],"product_tag":[128,180,181,182,129,189,203,176,198,142,206,202,205,183],"_links":{"self":[{"href":"https:\/\/kaygoodesignjewelry.com\/en\/wp-json\/wp\/v2\/product\/10630"}],"collection":[{"href":"https:\/\/kaygoodesignjewelry.com\/en\/wp-json\/wp\/v2\/product"}],"about":[{"href":"https:\/\/kaygoodesignjewelry.com\/en\/wp-json\/wp\/v2\/types\/product"}],"wp:featuredmedia":[{"embeddable":true,"href":"https:\/\/kaygoodesignjewelry.com\/en\/wp-json\/wp\/v2\/media\/16249"}],"wp:attachment":[{"href":"https:\/\/kaygoodesignjewelry.com\/en\/wp-json\/wp\/v2\/media?parent=10630"}],"wp:term":[{"taxonomy":"product_cat","embeddable":true,"href":"https:\/\/kaygoodesignjewelry.com\/en\/wp-json\/wp\/v2\/product_cat?post=10630"},{"taxonomy":"product_tag","embeddable":true,"href":"https:\/\/kaygoodesignjewelry.com\/en\/wp-json\/wp\/v2\/product_tag?post=10630"}],"curies":[{"name":"wp","href":"https:\/\/api.w.org\/{rel}","templated":true}]}}