{"id":10618,"date":"2020-01-20T18:17:49","date_gmt":"2020-01-20T18:17:49","guid":{"rendered":"https:\/\/kaygoodesignjewelry.com\/index.php\/product\/toll-charm-swarovski-koves-fekete-bor-noi-karkoto-szett-2\/"},"modified":"2025-11-04T11:01:26","modified_gmt":"2025-11-04T11:01:26","slug":"ozdoba-z-ptaciho-peri-bicone-crystal-sada-damskeho-kozeneho-naramku-onyx","status":"publish","type":"product","link":"https:\/\/kaygoodesignjewelry.com\/en\/product\/ozdoba-z-ptaciho-peri-bicone-crystal-sada-damskeho-kozeneho-naramku-onyx\/","title":{"rendered":"Ozdoba z pta\u010d\u00edho pe\u0159\u00ed &#8211; Bicone crystal &#8211; sada d\u00e1msk\u00e9ho ko\u017een\u00e9ho n\u00e1ramku onyx"},"content":{"rendered":"<p>Unsere Armb\u00e4nder bestehen aus nat\u00fcrlichen Edel- oder Halbedelmineralien. Die Farbe und Gr\u00f6\u00dfe jedes Edelsteins kann leicht variieren.<\/p>\n<p>Stainless steel buckle: Nickel-free, hypoallergenic!<\/p>\n<p><strong>IMPORTANT:<\/strong><br \/>\nStrictly prohibited for leather bracelets:<\/p>\n<ul>\n<li>Do not wash with a lot of water, do not soak, because it absorbs moisture and hardens after drying<\/li>\n<li>Do not rub with a brush with coarse bristles (nail brush), as this will damage the surface and cause scratches<\/li>\n<li>Cleaning with strong chemicals or chlorine-containing chemicals is prohibited, as they reduce tear resistance and fade the color.<\/li>\n<li>Exposed to extreme heat: drying in the sun, on a heating pad or with a hair dryer, makes it brittle and rough<\/li>\n<li>Do not store below freezing: Do not store your leather goods in a garage or in a cold car in winter. In wet places, it absorbs moisture and becomes wet<\/li>\n<\/ul>\n<p><strong>Characteristics of stainless steel buckles:<\/strong><\/p>\n<p>One of the most important properties of stainless steel is that it does not oxidize. This is very important because these metals do not decompose in air. Iron occurs in nature as iron oxide, from which pure iron is extracted using special processes and then alloyed with other metals. Iron alloyed with precious metals has many good properties such as acid resistance, hardness, toughness and wear resistance.<\/p>\n<p><em>Cleaning:<\/em> Strong, corrosive cleaning agents should be avoided as they can stain the jewelry.<\/p>\n","protected":false},"excerpt":{"rendered":"<p><strong>The bracelet set includes:<\/strong><\/p>\n<p>1. Bracelet made of 100% black cowhide &#8211; stainless steel safety clasp &#8211;<br \/>\n2. Black matte and shiny onyx &#8211; rock crystal &#8211; stainless steel feather decoration &#8211; bicone crystal &#8211; KD logo &#8211; women&#8217;s mineral bracelet<\/p>\n<p>Mineral diameter: <strong>8 mm<\/strong><\/p>\n<p>Leather strap thickness: <strong>6 mm<\/strong><\/p>\n<p>Bicone crystal size: 4 mm<\/p>\n<p><span style=\"color: #ff0000;\">Attention: Please measure your wrist exactly below the wrist bone and enter the exact size, we will make it convenient for you.<\/span><\/p>\n","protected":false},"featured_media":15952,"template":"","meta":{"_seopress_robots_primary_cat":"none","_seopress_titles_title":"","_seopress_titles_desc":"","_seopress_robots_index":"","site-sidebar-layout":"default","site-content-layout":"","ast-site-content-layout":"default","site-content-style":"default","site-sidebar-style":"default","ast-global-header-display":"","ast-banner-title-visibility":"","ast-main-header-display":"","ast-hfb-above-header-display":"","ast-hfb-below-header-display":"","ast-hfb-mobile-header-display":"","site-post-title":"","ast-breadcrumbs-content":"","ast-featured-img":"","footer-sml-layout":"","theme-transparent-header-meta":"default","adv-header-id-meta":"","stick-header-meta":"","header-above-stick-meta":"","header-main-stick-meta":"","header-below-stick-meta":"","astra-migrate-meta-layouts":"set","ast-page-background-enabled":"default","ast-page-background-meta":{"desktop":{"background-color":"var(--ast-global-color-4)","background-image":"","background-repeat":"repeat","background-position":"center center","background-size":"auto","background-attachment":"scroll","background-type":"","background-media":"","overlay-type":"","overlay-color":"","overlay-opacity":"","overlay-gradient":""},"tablet":{"background-color":"","background-image":"","background-repeat":"repeat","background-position":"center center","background-size":"auto","background-attachment":"scroll","background-type":"","background-media":"","overlay-type":"","overlay-color":"","overlay-opacity":"","overlay-gradient":""},"mobile":{"background-color":"","background-image":"","background-repeat":"repeat","background-position":"center center","background-size":"auto","background-attachment":"scroll","background-type":"","background-media":"","overlay-type":"","overlay-color":"","overlay-opacity":"","overlay-gradient":""}},"ast-content-background-meta":{"desktop":{"background-color":"var(--ast-global-color-5)","background-image":"","background-repeat":"repeat","background-position":"center center","background-size":"auto","background-attachment":"scroll","background-type":"","background-media":"","overlay-type":"","overlay-color":"","overlay-opacity":"","overlay-gradient":""},"tablet":{"background-color":"var(--ast-global-color-5)","background-image":"","background-repeat":"repeat","background-position":"center center","background-size":"auto","background-attachment":"scroll","background-type":"","background-media":"","overlay-type":"","overlay-color":"","overlay-opacity":"","overlay-gradient":""},"mobile":{"background-color":"var(--ast-global-color-5)","background-image":"","background-repeat":"repeat","background-position":"center center","background-size":"auto","background-attachment":"scroll","background-type":"","background-media":"","overlay-type":"","overlay-color":"","overlay-opacity":"","overlay-gradient":""}}},"product_cat":[400,135,141,201,153,207],"product_tag":[128,180,181,182,129,189,203,176,198,142,206,202,205,183],"_links":{"self":[{"href":"https:\/\/kaygoodesignjewelry.com\/en\/wp-json\/wp\/v2\/product\/10618"}],"collection":[{"href":"https:\/\/kaygoodesignjewelry.com\/en\/wp-json\/wp\/v2\/product"}],"about":[{"href":"https:\/\/kaygoodesignjewelry.com\/en\/wp-json\/wp\/v2\/types\/product"}],"wp:featuredmedia":[{"embeddable":true,"href":"https:\/\/kaygoodesignjewelry.com\/en\/wp-json\/wp\/v2\/media\/15952"}],"wp:attachment":[{"href":"https:\/\/kaygoodesignjewelry.com\/en\/wp-json\/wp\/v2\/media?parent=10618"}],"wp:term":[{"taxonomy":"product_cat","embeddable":true,"href":"https:\/\/kaygoodesignjewelry.com\/en\/wp-json\/wp\/v2\/product_cat?post=10618"},{"taxonomy":"product_tag","embeddable":true,"href":"https:\/\/kaygoodesignjewelry.com\/en\/wp-json\/wp\/v2\/product_tag?post=10618"}],"curies":[{"name":"wp","href":"https:\/\/api.w.org\/{rel}","templated":true}]}}