{"id":10135,"date":"2019-04-10T00:00:00","date_gmt":"2019-04-10T00:00:00","guid":{"rendered":"https:\/\/kaygoodesignjewelry.com\/index.php\/product\/barna-fonott-bor-ferfi-karkoto-nemesacel-csat-2\/"},"modified":"2025-11-03T18:04:09","modified_gmt":"2025-11-03T18:04:09","slug":"dark-brown-braided-leather-mens-bracelet-stainless-steel-buckle","status":"publish","type":"product","link":"https:\/\/kaygoodesignjewelry.com\/en\/product\/dark-brown-braided-leather-mens-bracelet-stainless-steel-buckle\/","title":{"rendered":"Dark brown braided leather men&#8217;s bracelet &#8211; stainless steel buckle"},"content":{"rendered":"<p>Edelstahlverschluss: Nickel-free, hypoallergenic!<\/p>\n<p><strong>IMPORTANT:<\/strong><br \/>\nStrictly prohibited for leather bracelets:<\/p>\n<ul>\n<li>Do not wash with a lot of water, do not soak, because it absorbs moisture and hardens after drying<\/li>\n<li>Do not rub with a brush with coarse bristles (nail brush), as this will damage the surface and cause scratches<\/li>\n<li>Cleaning with strong chemicals or chlorine-containing chemicals is prohibited, as they reduce tear resistance and fade the color.<\/li>\n<li>Exposed to extreme heat: drying in the sun, on a heating pad or with a hair dryer, makes it brittle and rough<\/li>\n<li>Do not store below freezing: Do not store your leather goods in a garage or in a cold car in winter. In wet places, it absorbs moisture and becomes wet<\/li>\n<\/ul>\n<p>Eigenschaften von Edelstahlschnallen:<\/p>\n<p>One of the most important properties of stainless steel is that it does not oxidize. This is very important because these metals do not decompose in air. Iron occurs in nature as iron oxide, from which pure iron is extracted using special processes and then alloyed with other metals. Iron alloyed with precious metals has many good properties such as acid resistance, hardness, toughness and wear resistance.<\/p>\n<p>Cleaning: Starke, \u00e4tzende Reinigungsmittel sollten vermieden werden, da diese den Schmuck verf\u00e4rben k\u00f6nnen.<\/p>\n","protected":false},"excerpt":{"rendered":"<p><strong>The bracelet set includes:<\/strong><\/p>\n<p>Braided dark brown bracelet made of 100% cow leather &#8211; stainless steel link<\/p>\n<p>Leather strap thickness: <strong>6 mm<\/strong><\/p>\n<p>Packaging: Canvas bag with logo<\/p>\n<p><span style=\"color: #ff0000;\">Attention: Please measure your wrist exactly below the wrist bone and enter the exact size, we will make it convenient for you.<\/span><\/p>\n","protected":false},"featured_media":15826,"template":"","meta":{"_seopress_robots_primary_cat":"none","_seopress_titles_title":"","_seopress_titles_desc":"","_seopress_robots_index":"","site-sidebar-layout":"default","site-content-layout":"","ast-site-content-layout":"default","site-content-style":"default","site-sidebar-style":"default","ast-global-header-display":"","ast-banner-title-visibility":"","ast-main-header-display":"","ast-hfb-above-header-display":"","ast-hfb-below-header-display":"","ast-hfb-mobile-header-display":"","site-post-title":"","ast-breadcrumbs-content":"","ast-featured-img":"","footer-sml-layout":"","theme-transparent-header-meta":"default","adv-header-id-meta":"","stick-header-meta":"","header-above-stick-meta":"","header-main-stick-meta":"","header-below-stick-meta":"","astra-migrate-meta-layouts":"set","ast-page-background-enabled":"default","ast-page-background-meta":{"desktop":{"background-color":"var(--ast-global-color-4)","background-image":"","background-repeat":"repeat","background-position":"center center","background-size":"auto","background-attachment":"scroll","background-type":"","background-media":"","overlay-type":"","overlay-color":"","overlay-opacity":"","overlay-gradient":""},"tablet":{"background-color":"","background-image":"","background-repeat":"repeat","background-position":"center center","background-size":"auto","background-attachment":"scroll","background-type":"","background-media":"","overlay-type":"","overlay-color":"","overlay-opacity":"","overlay-gradient":""},"mobile":{"background-color":"","background-image":"","background-repeat":"repeat","background-position":"center center","background-size":"auto","background-attachment":"scroll","background-type":"","background-media":"","overlay-type":"","overlay-color":"","overlay-opacity":"","overlay-gradient":""}},"ast-content-background-meta":{"desktop":{"background-color":"var(--ast-global-color-5)","background-image":"","background-repeat":"repeat","background-position":"center center","background-size":"auto","background-attachment":"scroll","background-type":"","background-media":"","overlay-type":"","overlay-color":"","overlay-opacity":"","overlay-gradient":""},"tablet":{"background-color":"var(--ast-global-color-5)","background-image":"","background-repeat":"repeat","background-position":"center center","background-size":"auto","background-attachment":"scroll","background-type":"","background-media":"","overlay-type":"","overlay-color":"","overlay-opacity":"","overlay-gradient":""},"mobile":{"background-color":"var(--ast-global-color-5)","background-image":"","background-repeat":"repeat","background-position":"center center","background-size":"auto","background-attachment":"scroll","background-type":"","background-media":"","overlay-type":"","overlay-color":"","overlay-opacity":"","overlay-gradient":""}}},"product_cat":[135,118,188],"product_tag":[281,128,125,130,129,189,127,126,280,190,150],"_links":{"self":[{"href":"https:\/\/kaygoodesignjewelry.com\/en\/wp-json\/wp\/v2\/product\/10135"}],"collection":[{"href":"https:\/\/kaygoodesignjewelry.com\/en\/wp-json\/wp\/v2\/product"}],"about":[{"href":"https:\/\/kaygoodesignjewelry.com\/en\/wp-json\/wp\/v2\/types\/product"}],"wp:featuredmedia":[{"embeddable":true,"href":"https:\/\/kaygoodesignjewelry.com\/en\/wp-json\/wp\/v2\/media\/15826"}],"wp:attachment":[{"href":"https:\/\/kaygoodesignjewelry.com\/en\/wp-json\/wp\/v2\/media?parent=10135"}],"wp:term":[{"taxonomy":"product_cat","embeddable":true,"href":"https:\/\/kaygoodesignjewelry.com\/en\/wp-json\/wp\/v2\/product_cat?post=10135"},{"taxonomy":"product_tag","embeddable":true,"href":"https:\/\/kaygoodesignjewelry.com\/en\/wp-json\/wp\/v2\/product_tag?post=10135"}],"curies":[{"name":"wp","href":"https:\/\/api.w.org\/{rel}","templated":true}]}}